{"id":5597,"date":"2025-09-04T15:08:56","date_gmt":"2025-09-04T13:08:56","guid":{"rendered":"https:\/\/fourtec.at\/transfer-system\/"},"modified":"2025-10-01T14:51:09","modified_gmt":"2025-10-01T12:51:09","slug":"transfer-system","status":"publish","type":"page","link":"https:\/\/fourtec.at\/en\/products\/transfer-system\/","title":{"rendered":"Transfer System"},"content":{"rendered":"<div class=\"wpb-content-wrapper\"><p>[vc_row type=&#8221;vc_default&#8221; parallax_content=&#8221;parallax_content_value&#8221; css=&#8221;.vc_custom_1614335004785{padding-top: 5% !important;padding-bottom: 5% !important;}&#8221;][vc_column width=&#8221;1\/4&#8243; css=&#8221;.vc_custom_1498211168626{padding-bottom: 50px !important;}&#8221;]<style type=\"text\/css\" data-type=\"the7_shortcodes-inline-css\">.shortcode-single-image-wrap.shortcode-single-image-6af817cc66c9c15f88aa4c4a292c92a4.enable-bg-rollover .rollover i,\n.shortcode-single-image-wrap.shortcode-single-image-6af817cc66c9c15f88aa4c4a292c92a4.enable-bg-rollover .rollover-video i {\n  background: rgba(30,115,190,0.5);\n  box-shadow: none;\n  background: -webkit-linear-gradient();\n  background: linear-gradient();\n}\n.shortcode-single-image-wrap.shortcode-single-image-6af817cc66c9c15f88aa4c4a292c92a4 .rollover-icon {\n  font-size: 64px;\n  color: #ffffff;\n  min-width: 44px;\n  min-height: 44px;\n  line-height: 44px;\n  border-radius: 100px;\n  border-style: solid;\n  border-width: 0px;\n}\n.dt-icon-bg-on.shortcode-single-image-wrap.shortcode-single-image-6af817cc66c9c15f88aa4c4a292c92a4 .rollover-icon {\n  background: rgba(30,115,190,0.3);\n  box-shadow: none;\n}<\/style><div class=\"shortcode-single-image-wrap shortcode-single-image-6af817cc66c9c15f88aa4c4a292c92a4 alignnone  vc_custom_1756991262231 enable-bg-rollover dt-icon-bg-on quick-scale-img\" ><div class=\"shortcode-single-image\"><div class=\"fancy-media-wrap\" style=\"\"><a href=\"https:\/\/fourtec.at\/wp-content\/uploads\/2025\/09\/Pallet-conveyor-catalog-250610.pdf\" class=\" layzr-bg rollover\" style=\"\" aria-label=\"Image\"><img fetchpriority=\"high\" decoding=\"async\" class=\"preload-me lazy-load aspect\" src=\"data:image\/svg+xml,%3Csvg%20xmlns%3D&#39;http%3A%2F%2Fwww.w3.org%2F2000%2Fsvg&#39;%20viewBox%3D&#39;0%200%20500%20400&#39;%2F%3E\" data-src=\"https:\/\/fourtec.at\/wp-content\/uploads\/2025\/09\/Senkrechtfoerderer-Vertikalfoerderer-500x400.png\" data-srcset=\"https:\/\/fourtec.at\/wp-content\/uploads\/2025\/09\/Senkrechtfoerderer-Vertikalfoerderer-500x400.png 500w, https:\/\/fourtec.at\/wp-content\/uploads\/2025\/09\/Senkrechtfoerderer-Vertikalfoerderer.png 1000w\" loading=\"eager\" style=\"--ratio: 500 \/ 400\" sizes=\"(max-width: 500px) 100vw, 500px\" width=\"500\" height=\"400\"  data-dt-location=\"https:\/\/fourtec.at\/en\/senkrechtfoerderer-vertikalfoerderer\/\" alt=\"\" \/><span class=\"rollover-icon dt-icon-the7-download\"><\/span><\/a><\/div><\/div><\/div><style type=\"text\/css\" data-type=\"the7_shortcodes-inline-css\">#default-btn-69c2eb0b43dbe3ad55334ffe6a9dd2ab.ico-right-side > i {\n  margin-right: 0px;\n  margin-left: 8px;\n}\n#default-btn-69c2eb0b43dbe3ad55334ffe6a9dd2ab > i {\n  margin-right: 8px;\n}<\/style><div class=\"btn-align-center\"><a href=\"https:\/\/fourtec.at\/wp-content\/uploads\/2025\/09\/Pallet-conveyor-catalog-250610.pdf\" class=\"default-btn-shortcode dt-btn dt-btn-s link-hover-off full-width-btn \" id=\"default-btn-69c2eb0b43dbe3ad55334ffe6a9dd2ab\" title=\"conveyor-catalog.pdf\"><span>Vertical Conveyor (Elevator)<\/span><\/a><\/div>[\/vc_column][vc_column width=&#8221;1\/4&#8243; css=&#8221;.vc_custom_1498211177630{padding-bottom: 50px !important;}&#8221;]<style type=\"text\/css\" data-type=\"the7_shortcodes-inline-css\">.shortcode-single-image-wrap.shortcode-single-image-43fb1b852809d3a128dd8236921ab5ca.enable-bg-rollover .rollover i,\n.shortcode-single-image-wrap.shortcode-single-image-43fb1b852809d3a128dd8236921ab5ca.enable-bg-rollover .rollover-video i {\n  background: rgba(30,115,190,0.5);\n  box-shadow: none;\n  background: -webkit-linear-gradient();\n  background: linear-gradient();\n}\n.shortcode-single-image-wrap.shortcode-single-image-43fb1b852809d3a128dd8236921ab5ca .rollover-icon {\n  font-size: 64px;\n  color: #ffffff;\n  min-width: 44px;\n  min-height: 44px;\n  line-height: 44px;\n  border-radius: 100px;\n  border-style: solid;\n  border-width: 0px;\n}\n.dt-icon-bg-on.shortcode-single-image-wrap.shortcode-single-image-43fb1b852809d3a128dd8236921ab5ca .rollover-icon {\n  background: rgba(30,115,190,0.3);\n  box-shadow: none;\n}<\/style><div class=\"shortcode-single-image-wrap shortcode-single-image-43fb1b852809d3a128dd8236921ab5ca alignnone  vc_custom_1756991281570 enable-bg-rollover dt-icon-bg-on quick-scale-img\" ><div class=\"shortcode-single-image\"><div class=\"fancy-media-wrap\" style=\"\"><a href=\"https:\/\/fourtec.at\/wp-content\/uploads\/2025\/09\/Pallet-conveyor-catalog-250610.pdf\" class=\" layzr-bg rollover\" style=\"\" aria-label=\"Image\"><img decoding=\"async\" class=\"preload-me lazy-load aspect\" src=\"data:image\/svg+xml,%3Csvg%20xmlns%3D&#39;http%3A%2F%2Fwww.w3.org%2F2000%2Fsvg&#39;%20viewBox%3D&#39;0%200%20500%20400&#39;%2F%3E\" data-src=\"https:\/\/fourtec.at\/wp-content\/uploads\/2025\/09\/Horizontale-Umlauffoerdersysteme-2-500x400.png\" data-srcset=\"https:\/\/fourtec.at\/wp-content\/uploads\/2025\/09\/Horizontale-Umlauffoerdersysteme-2-500x400.png 500w, https:\/\/fourtec.at\/wp-content\/uploads\/2025\/09\/Horizontale-Umlauffoerdersysteme-2.png 1000w\" loading=\"eager\" style=\"--ratio: 500 \/ 400\" sizes=\"(max-width: 500px) 100vw, 500px\" width=\"500\" height=\"400\"  data-dt-location=\"https:\/\/fourtec.at\/en\/horizontale-umlauffoerdersysteme-2\/\" alt=\"\" \/><span class=\"rollover-icon dt-icon-the7-download\"><\/span><\/a><\/div><\/div><\/div><style type=\"text\/css\" data-type=\"the7_shortcodes-inline-css\">#default-btn-edb6086e1017a265a4605aa2ba6d857c.ico-right-side > i {\n  margin-right: 0px;\n  margin-left: 8px;\n}\n#default-btn-edb6086e1017a265a4605aa2ba6d857c > i {\n  margin-right: 8px;\n}<\/style><div class=\"btn-align-center\"><a href=\"https:\/\/fourtec.at\/wp-content\/uploads\/2025\/09\/Pallet-conveyor-catalog-250610.pdf\" class=\"default-btn-shortcode dt-btn dt-btn-s link-hover-off full-width-btn \" id=\"default-btn-edb6086e1017a265a4605aa2ba6d857c\" title=\"Pallet-conveyor-catalog.pdf\"><span>Horizontal Circulating Conveyor Systems<\/span><\/a><\/div>[\/vc_column][vc_column width=&#8221;1\/4&#8243; css=&#8221;.vc_custom_1498211173058{padding-bottom: 50px !important;}&#8221;]<style type=\"text\/css\" data-type=\"the7_shortcodes-inline-css\">.shortcode-single-image-wrap.shortcode-single-image-b9df39385a345dab38e3f85c04e5a1b6.enable-bg-rollover .rollover i,\n.shortcode-single-image-wrap.shortcode-single-image-b9df39385a345dab38e3f85c04e5a1b6.enable-bg-rollover .rollover-video i {\n  background: rgba(30,115,190,0.5);\n  box-shadow: none;\n  background: -webkit-linear-gradient();\n  background: linear-gradient();\n}\n.shortcode-single-image-wrap.shortcode-single-image-b9df39385a345dab38e3f85c04e5a1b6 .rollover-icon {\n  font-size: 64px;\n  color: #ffffff;\n  min-width: 44px;\n  min-height: 44px;\n  line-height: 44px;\n  border-radius: 100px;\n  border-style: solid;\n  border-width: 0px;\n}\n.dt-icon-bg-on.shortcode-single-image-wrap.shortcode-single-image-b9df39385a345dab38e3f85c04e5a1b6 .rollover-icon {\n  background: rgba(30,115,190,0.3);\n  box-shadow: none;\n}<\/style><div class=\"shortcode-single-image-wrap shortcode-single-image-b9df39385a345dab38e3f85c04e5a1b6 alignnone  vc_custom_1756991292540 enable-bg-rollover dt-icon-bg-on quick-scale-img\" ><div class=\"shortcode-single-image\"><div class=\"fancy-media-wrap\" style=\"\"><a href=\"https:\/\/fourtec.at\/wp-content\/uploads\/2025\/09\/Pallet-conveyor-catalog-250610.pdf\" class=\" layzr-bg rollover\" style=\"\" aria-label=\"Image\"><img decoding=\"async\" class=\"preload-me lazy-load aspect\" src=\"data:image\/svg+xml,%3Csvg%20xmlns%3D&#39;http%3A%2F%2Fwww.w3.org%2F2000%2Fsvg&#39;%20viewBox%3D&#39;0%200%20500%20400&#39;%2F%3E\" data-src=\"https:\/\/fourtec.at\/wp-content\/uploads\/2025\/09\/Mehrstufige-Foerdersysteme-500x400.png\" data-srcset=\"https:\/\/fourtec.at\/wp-content\/uploads\/2025\/09\/Mehrstufige-Foerdersysteme-500x400.png 500w, https:\/\/fourtec.at\/wp-content\/uploads\/2025\/09\/Mehrstufige-Foerdersysteme.png 1000w\" loading=\"eager\" style=\"--ratio: 500 \/ 400\" sizes=\"(max-width: 500px) 100vw, 500px\" width=\"500\" height=\"400\"  data-dt-location=\"https:\/\/fourtec.at\/en\/mehrstufige-foerdersysteme\/\" alt=\"\" \/><span class=\"rollover-icon dt-icon-the7-download\"><\/span><\/a><\/div><\/div><\/div><style type=\"text\/css\" data-type=\"the7_shortcodes-inline-css\">#default-btn-69c2eb0b43dbe3ad55334ffe6a9dd2ab.ico-right-side > i {\n  margin-right: 0px;\n  margin-left: 8px;\n}\n#default-btn-69c2eb0b43dbe3ad55334ffe6a9dd2ab > i {\n  margin-right: 8px;\n}<\/style><div class=\"btn-align-center\"><a href=\"https:\/\/fourtec.at\/wp-content\/uploads\/2025\/09\/Pallet-conveyor-catalog-250610.pdf\" class=\"default-btn-shortcode dt-btn dt-btn-s link-hover-off full-width-btn \" id=\"default-btn-69c2eb0b43dbe3ad55334ffe6a9dd2ab\" title=\"conveyor-catalog.pdf\"><span>Multi-Level Conveyor Systems<\/span><\/a><\/div>[\/vc_column][vc_column width=&#8221;1\/4&#8243;]<style type=\"text\/css\" data-type=\"the7_shortcodes-inline-css\">.shortcode-single-image-wrap.shortcode-single-image-d3a86669ffc8711af6f1cc01e0d536dd.enable-bg-rollover .rollover i,\n.shortcode-single-image-wrap.shortcode-single-image-d3a86669ffc8711af6f1cc01e0d536dd.enable-bg-rollover .rollover-video i {\n  background: rgba(30,115,190,0.5);\n  box-shadow: none;\n  background: -webkit-linear-gradient();\n  background: linear-gradient();\n}\n.shortcode-single-image-wrap.shortcode-single-image-d3a86669ffc8711af6f1cc01e0d536dd .rollover-icon {\n  font-size: 64px;\n  color: #ffffff;\n  min-width: 44px;\n  min-height: 44px;\n  line-height: 44px;\n  border-radius: 100px;\n  border-style: solid;\n  border-width: 0px;\n}\n.dt-icon-bg-on.shortcode-single-image-wrap.shortcode-single-image-d3a86669ffc8711af6f1cc01e0d536dd .rollover-icon {\n  background: rgba(30,115,190,0.3);\n  box-shadow: none;\n}<\/style><div class=\"shortcode-single-image-wrap shortcode-single-image-d3a86669ffc8711af6f1cc01e0d536dd alignnone  vc_custom_1756991304462 enable-bg-rollover dt-icon-bg-on quick-scale-img\" ><div class=\"shortcode-single-image\"><div class=\"fancy-media-wrap\" style=\"\"><a href=\"https:\/\/fourtec.at\/wp-content\/uploads\/2025\/09\/Pallet-conveyor-catalog-250610.pdf\" class=\" layzr-bg rollover\" style=\"\" aria-label=\"Image\"><img decoding=\"async\" class=\"preload-me lazy-load aspect\" src=\"data:image\/svg+xml,%3Csvg%20xmlns%3D&#39;http%3A%2F%2Fwww.w3.org%2F2000%2Fsvg&#39;%20viewBox%3D&#39;0%200%20500%20400&#39;%2F%3E\" data-src=\"https:\/\/fourtec.at\/wp-content\/uploads\/2025\/09\/Side-by-Side-Foerdersysteme-500x400.png\" data-srcset=\"https:\/\/fourtec.at\/wp-content\/uploads\/2025\/09\/Side-by-Side-Foerdersysteme-500x400.png 500w, https:\/\/fourtec.at\/wp-content\/uploads\/2025\/09\/Side-by-Side-Foerdersysteme.png 1000w\" loading=\"eager\" style=\"--ratio: 500 \/ 400\" sizes=\"(max-width: 500px) 100vw, 500px\" width=\"500\" height=\"400\"  data-dt-location=\"https:\/\/fourtec.at\/en\/side-by-side-foerdersysteme\/\" alt=\"\" \/><span class=\"rollover-icon dt-icon-the7-download\"><\/span><\/a><\/div><\/div><\/div><style type=\"text\/css\" data-type=\"the7_shortcodes-inline-css\">#default-btn-edb6086e1017a265a4605aa2ba6d857c.ico-right-side > i {\n  margin-right: 0px;\n  margin-left: 8px;\n}\n#default-btn-edb6086e1017a265a4605aa2ba6d857c > i {\n  margin-right: 8px;\n}<\/style><div class=\"btn-align-center\"><a href=\"https:\/\/fourtec.at\/wp-content\/uploads\/2025\/09\/Pallet-conveyor-catalog-250610.pdf\" class=\"default-btn-shortcode dt-btn dt-btn-s link-hover-off full-width-btn \" id=\"default-btn-edb6086e1017a265a4605aa2ba6d857c\" title=\"Pallet-conveyor-catalog.pdf\"><span>Side-by-Side Conveyor Systems<\/span><\/a><\/div>[\/vc_column][\/vc_row][vc_row type=&#8221;vc_default&#8221; bg_type=&#8221;bg_color&#8221; bg_override=&#8221;ex-full&#8221; css=&#8221;.vc_custom_1498212491956{padding-top: 60px !important;padding-bottom: 70px !important;}&#8221; bg_color_value=&#8221;#f5f5f5&#8243;][vc_column]<div id=\"ultimate-heading-801469d99e26e340a\" class=\"uvc-heading ult-adjust-bottom-margin ultimate-heading-801469d99e26e340a uvc-2314 color-title accent-title-color\" data-hspacer=\"no_spacer\"  data-halign=\"center\" style=\"text-align:center\"><div class=\"uvc-heading-spacer no_spacer\" style=\"top\"><\/div><div class=\"uvc-main-heading ult-responsive\"  data-ultimate-target='.uvc-heading.ultimate-heading-801469d99e26e340a h2'  data-responsive-json-new='{\"font-size\":\"desktop:40px;tablet_portrait:20px;\",\"line-height\":\"desktop:46px;tablet_portrait:26px;\"}' ><h2 style=\"font-family:&#039;Open Sans Condensed&#039;;font-weight:700;margin-bottom:10px;\">Ready for a new (special) solution?<\/h2><\/div><\/div><style type=\"text\/css\" data-type=\"the7_shortcodes-inline-css\">#default-btn-ac483b740a265a7692d3a22f0dd2fc31.ico-right-side > i {\n  margin-right: 0px;\n  margin-left: 8px;\n}\n#default-btn-ac483b740a265a7692d3a22f0dd2fc31 > i {\n  margin-right: 8px;\n}<\/style><div class=\"btn-align-center\"><a href=\"mailto:verkauf@fourtec.at\" class=\"default-btn-shortcode dt-btn dt-btn-l link-hover-off  vc_custom_1759322951176\" id=\"default-btn-ac483b740a265a7692d3a22f0dd2fc31\" style=\"width:400px;\"><span>Request Now<\/span><\/a><\/div>[\/vc_column][\/vc_row]<\/p>\n<\/div>","protected":false},"excerpt":{"rendered":"<p>[vc_row type=&#8221;vc_default&#8221; parallax_content=&#8221;parallax_content_value&#8221; css=&#8221;.vc_custom_1614335004785{padding-top: 5% !important;padding-bottom: 5% !important;}&#8221;][vc_column width=&#8221;1\/4&#8243; css=&#8221;.vc_custom_1498211168626{padding-bottom: 50px !important;}&#8221;][\/vc_column][vc_column width=&#8221;1\/4&#8243; css=&#8221;.vc_custom_1498211177630{padding-bottom: 50px !important;}&#8221;][\/vc_column][vc_column width=&#8221;1\/4&#8243; css=&#8221;.vc_custom_1498211173058{padding-bottom: 50px !important;}&#8221;][\/vc_column][vc_column width=&#8221;1\/4&#8243;][\/vc_column][\/vc_row][vc_row type=&#8221;vc_default&#8221; bg_type=&#8221;bg_color&#8221; bg_override=&#8221;ex-full&#8221; css=&#8221;.vc_custom_1498212491956{padding-top: 60px !important;padding-bottom: 70px !important;}&#8221; bg_color_value=&#8221;#f5f5f5&#8243;][vc_column][\/vc_column][\/vc_row]<\/p>\n","protected":false},"author":2,"featured_media":0,"parent":5709,"menu_order":100,"comment_status":"closed","ping_status":"closed","template":"","meta":{"footnotes":""},"class_list":["post-5597","page","type-page","status-publish","hentry","description-off"],"yoast_head":"<!-- This site is optimized with the Yoast SEO plugin v27.0 - https:\/\/yoast.com\/product\/yoast-seo-wordpress\/ -->\n<title>Transfer System - Fourtec - F\u00f6rdertechnik GmbH<\/title>\n<meta name=\"robots\" content=\"index, follow, max-snippet:-1, max-image-preview:large, max-video-preview:-1\" \/>\n<link rel=\"canonical\" href=\"https:\/\/fourtec.at\/en\/products\/transfer-system\/\" \/>\n<meta property=\"og:locale\" content=\"en_US\" \/>\n<meta property=\"og:type\" content=\"article\" \/>\n<meta property=\"og:title\" content=\"Transfer System - Fourtec - F\u00f6rdertechnik GmbH\" \/>\n<meta property=\"og:description\" content=\"[vc_row type=&#8221;vc_default&#8221; parallax_content=&#8221;parallax_content_value&#8221; css=&#8221;.vc_custom_1614335004785{padding-top: 5% !important;padding-bottom: 5% !important;}&#8221;][vc_column width=&#8221;1\/4&#8243; css=&#8221;.vc_custom_1498211168626{padding-bottom: 50px !important;}&#8221;][\/vc_column][vc_column width=&#8221;1\/4&#8243; css=&#8221;.vc_custom_1498211177630{padding-bottom: 50px !important;}&#8221;][\/vc_column][vc_column width=&#8221;1\/4&#8243; css=&#8221;.vc_custom_1498211173058{padding-bottom: 50px !important;}&#8221;][\/vc_column][vc_column width=&#8221;1\/4&#8243;][\/vc_column][\/vc_row][vc_row type=&#8221;vc_default&#8221; bg_type=&#8221;bg_color&#8221; bg_override=&#8221;ex-full&#8221; css=&#8221;.vc_custom_1498212491956{padding-top: 60px !important;padding-bottom: 70px !important;}&#8221; bg_color_value=&#8221;#f5f5f5&#8243;][vc_column][\/vc_column][\/vc_row]\" \/>\n<meta property=\"og:url\" content=\"https:\/\/fourtec.at\/en\/products\/transfer-system\/\" \/>\n<meta property=\"og:site_name\" content=\"Fourtec - F\u00f6rdertechnik GmbH\" \/>\n<meta property=\"article:modified_time\" content=\"2025-10-01T12:51:09+00:00\" \/>\n<meta name=\"twitter:card\" content=\"summary_large_image\" \/>\n<meta name=\"twitter:label1\" content=\"Est. reading time\" \/>\n\t<meta name=\"twitter:data1\" content=\"2 minutes\" \/>\n<script type=\"application\/ld+json\" class=\"yoast-schema-graph\">{\"@context\":\"https:\/\/schema.org\",\"@graph\":[{\"@type\":\"WebPage\",\"@id\":\"https:\/\/fourtec.at\/en\/products\/transfer-system\/\",\"url\":\"https:\/\/fourtec.at\/en\/products\/transfer-system\/\",\"name\":\"Transfer System - Fourtec - F\u00f6rdertechnik GmbH\",\"isPartOf\":{\"@id\":\"https:\/\/fourtec.at\/en\/#website\"},\"datePublished\":\"2025-09-04T13:08:56+00:00\",\"dateModified\":\"2025-10-01T12:51:09+00:00\",\"breadcrumb\":{\"@id\":\"https:\/\/fourtec.at\/en\/products\/transfer-system\/#breadcrumb\"},\"inLanguage\":\"en-US\",\"potentialAction\":[{\"@type\":\"ReadAction\",\"target\":[\"https:\/\/fourtec.at\/en\/products\/transfer-system\/\"]}]},{\"@type\":\"BreadcrumbList\",\"@id\":\"https:\/\/fourtec.at\/en\/products\/transfer-system\/#breadcrumb\",\"itemListElement\":[{\"@type\":\"ListItem\",\"position\":1,\"name\":\"Home\",\"item\":\"https:\/\/fourtec.at\/en\/\"},{\"@type\":\"ListItem\",\"position\":2,\"name\":\"PRODUCTS\",\"item\":\"https:\/\/fourtec.at\/en\/products\/\"},{\"@type\":\"ListItem\",\"position\":3,\"name\":\"Transfer System\"}]},{\"@type\":\"WebSite\",\"@id\":\"https:\/\/fourtec.at\/en\/#website\",\"url\":\"https:\/\/fourtec.at\/en\/\",\"name\":\"Fourtec - F\u00f6rdertechnik GmbH\",\"description\":\"F\u00f6rdertechnikanlagen - Sonderl\u00f6sungen\",\"potentialAction\":[{\"@type\":\"SearchAction\",\"target\":{\"@type\":\"EntryPoint\",\"urlTemplate\":\"https:\/\/fourtec.at\/en\/?s={search_term_string}\"},\"query-input\":{\"@type\":\"PropertyValueSpecification\",\"valueRequired\":true,\"valueName\":\"search_term_string\"}}],\"inLanguage\":\"en-US\"}]}<\/script>\n<!-- \/ Yoast SEO plugin. -->","yoast_head_json":{"title":"Transfer System - Fourtec - F\u00f6rdertechnik GmbH","robots":{"index":"index","follow":"follow","max-snippet":"max-snippet:-1","max-image-preview":"max-image-preview:large","max-video-preview":"max-video-preview:-1"},"canonical":"https:\/\/fourtec.at\/en\/products\/transfer-system\/","og_locale":"en_US","og_type":"article","og_title":"Transfer System - Fourtec - F\u00f6rdertechnik GmbH","og_description":"[vc_row type=&#8221;vc_default&#8221; parallax_content=&#8221;parallax_content_value&#8221; css=&#8221;.vc_custom_1614335004785{padding-top: 5% !important;padding-bottom: 5% !important;}&#8221;][vc_column width=&#8221;1\/4&#8243; css=&#8221;.vc_custom_1498211168626{padding-bottom: 50px !important;}&#8221;][\/vc_column][vc_column width=&#8221;1\/4&#8243; css=&#8221;.vc_custom_1498211177630{padding-bottom: 50px !important;}&#8221;][\/vc_column][vc_column width=&#8221;1\/4&#8243; css=&#8221;.vc_custom_1498211173058{padding-bottom: 50px !important;}&#8221;][\/vc_column][vc_column width=&#8221;1\/4&#8243;][\/vc_column][\/vc_row][vc_row type=&#8221;vc_default&#8221; bg_type=&#8221;bg_color&#8221; bg_override=&#8221;ex-full&#8221; css=&#8221;.vc_custom_1498212491956{padding-top: 60px !important;padding-bottom: 70px !important;}&#8221; bg_color_value=&#8221;#f5f5f5&#8243;][vc_column][\/vc_column][\/vc_row]","og_url":"https:\/\/fourtec.at\/en\/products\/transfer-system\/","og_site_name":"Fourtec - F\u00f6rdertechnik GmbH","article_modified_time":"2025-10-01T12:51:09+00:00","twitter_card":"summary_large_image","twitter_misc":{"Est. reading time":"2 minutes"},"schema":{"@context":"https:\/\/schema.org","@graph":[{"@type":"WebPage","@id":"https:\/\/fourtec.at\/en\/products\/transfer-system\/","url":"https:\/\/fourtec.at\/en\/products\/transfer-system\/","name":"Transfer System - Fourtec - F\u00f6rdertechnik GmbH","isPartOf":{"@id":"https:\/\/fourtec.at\/en\/#website"},"datePublished":"2025-09-04T13:08:56+00:00","dateModified":"2025-10-01T12:51:09+00:00","breadcrumb":{"@id":"https:\/\/fourtec.at\/en\/products\/transfer-system\/#breadcrumb"},"inLanguage":"en-US","potentialAction":[{"@type":"ReadAction","target":["https:\/\/fourtec.at\/en\/products\/transfer-system\/"]}]},{"@type":"BreadcrumbList","@id":"https:\/\/fourtec.at\/en\/products\/transfer-system\/#breadcrumb","itemListElement":[{"@type":"ListItem","position":1,"name":"Home","item":"https:\/\/fourtec.at\/en\/"},{"@type":"ListItem","position":2,"name":"PRODUCTS","item":"https:\/\/fourtec.at\/en\/products\/"},{"@type":"ListItem","position":3,"name":"Transfer System"}]},{"@type":"WebSite","@id":"https:\/\/fourtec.at\/en\/#website","url":"https:\/\/fourtec.at\/en\/","name":"Fourtec - F\u00f6rdertechnik GmbH","description":"F\u00f6rdertechnikanlagen - Sonderl\u00f6sungen","potentialAction":[{"@type":"SearchAction","target":{"@type":"EntryPoint","urlTemplate":"https:\/\/fourtec.at\/en\/?s={search_term_string}"},"query-input":{"@type":"PropertyValueSpecification","valueRequired":true,"valueName":"search_term_string"}}],"inLanguage":"en-US"}]}},"_links":{"self":[{"href":"https:\/\/fourtec.at\/en\/wp-json\/wp\/v2\/pages\/5597","targetHints":{"allow":["GET"]}}],"collection":[{"href":"https:\/\/fourtec.at\/en\/wp-json\/wp\/v2\/pages"}],"about":[{"href":"https:\/\/fourtec.at\/en\/wp-json\/wp\/v2\/types\/page"}],"author":[{"embeddable":true,"href":"https:\/\/fourtec.at\/en\/wp-json\/wp\/v2\/users\/2"}],"replies":[{"embeddable":true,"href":"https:\/\/fourtec.at\/en\/wp-json\/wp\/v2\/comments?post=5597"}],"version-history":[{"count":4,"href":"https:\/\/fourtec.at\/en\/wp-json\/wp\/v2\/pages\/5597\/revisions"}],"predecessor-version":[{"id":6089,"href":"https:\/\/fourtec.at\/en\/wp-json\/wp\/v2\/pages\/5597\/revisions\/6089"}],"up":[{"embeddable":true,"href":"https:\/\/fourtec.at\/en\/wp-json\/wp\/v2\/pages\/5709"}],"wp:attachment":[{"href":"https:\/\/fourtec.at\/en\/wp-json\/wp\/v2\/media?parent=5597"}],"curies":[{"name":"wp","href":"https:\/\/api.w.org\/{rel}","templated":true}]}}