{"id":5648,"date":"2021-04-14T12:40:16","date_gmt":"2021-04-14T10:40:16","guid":{"rendered":"https:\/\/fourtec.at\/imprint\/"},"modified":"2025-09-23T15:48:55","modified_gmt":"2025-09-23T13:48:55","slug":"imprint","status":"publish","type":"page","link":"https:\/\/fourtec.at\/en\/imprint\/","title":{"rendered":"IMPRINT"},"content":{"rendered":"<div class=\"wpb-content-wrapper\"><p>[vc_row][vc_column][vc_column_text css=&#8221;&#8221;]<\/p>\n<h4 id=\"heading_Sie_erreichen_uns_unter_folgenden_Kontaktdaten_\">Responsible for the Content:<\/h4>\n<p><strong>CEO Ing. Christian Tazoll MSc.<\/strong><\/p>\n<p><strong>&nbsp;<\/strong><\/p>\n<div class=\"uvc-sub-heading ult-responsive\" data-ultimate-target=\".uvc-heading.ultimate-heading-43595fd7470f8aada .uvc-sub-heading  \" data-responsive-json-new=\"{\"font-size\":\"\",\"line-height\":\"\"}\">\n<p><strong>Fourtec F\u00f6rdertechnik GmbH<\/strong><br \/>Einsteinstra\u00dfe 6<br \/>A-9065 Ebenthal i. K.<\/p>\n<p>Phone: +43(0)463 287878<br \/>E-mail: <a href=\"mailto:office@fourtec.at\">office@fourtec.at<\/a><br \/>Internet: <a href=\"https:\/\/www.fourtec.at\">www.fourtec.at<\/a><\/p>\n<p>VAT ID: ATU57093736<br \/>Company Register Number: 236078z<br \/>Regional Court Klagenfurt<\/p>\n<\/div>\n<p>[\/vc_column_text][vc_separator align=&#8221;align_left&#8221; border_width=&#8221;2&#8243; el_width=&#8221;50&#8243; css=&#8221;.vc_custom_1620029583661{padding-top: 3% !important;padding-bottom: 3% !important;}&#8221;][vc_column_text]Web design &amp; technical implementation: bluepepper mediendesign |<a href=\"https:\/\/bluepepper.at\"> bluepepper.at<\/a><br \/>Photography: Patrick Connor Klopf | <a href=\"https:\/\/patrickconnorklopf.com\">patrickconnorklopf.com<\/a>[\/vc_column_text][\/vc_column][\/vc_row]<\/p>\n<\/div>","protected":false},"excerpt":{"rendered":"<p>[vc_row][vc_column][vc_column_text css=&#8221;&#8221;] Responsible for the Content: CEO Ing. Christian Tazoll MSc. &nbsp; Fourtec F\u00f6rdertechnik GmbHEinsteinstra\u00dfe 6A-9065 Ebenthal i. K. Phone: +43(0)463 287878E-mail: office@fourtec.atInternet: www.fourtec.at VAT ID: ATU57093736Company Register Number: 236078zRegional Court Klagenfurt [\/vc_column_text][vc_separator align=&#8221;align_left&#8221; border_width=&#8221;2&#8243; el_width=&#8221;50&#8243; css=&#8221;.vc_custom_1620029583661{padding-top: 3% !important;padding-bottom: 3% !important;}&#8221;][vc_column_text]Web design &amp; technical implementation: bluepepper mediendesign | bluepepper.atPhotography: Patrick Connor Klopf | patrickconnorklopf.com[\/vc_column_text][\/vc_column][\/vc_row]<\/p>\n","protected":false},"author":2,"featured_media":0,"parent":0,"menu_order":0,"comment_status":"closed","ping_status":"open","template":"","meta":{"footnotes":""},"class_list":["post-5648","page","type-page","status-publish","hentry","description-off"],"yoast_head":"<!-- This site is optimized with the Yoast SEO plugin v27.0 - https:\/\/yoast.com\/product\/yoast-seo-wordpress\/ -->\n<title>IMPRINT - Fourtec - F\u00f6rdertechnik GmbH<\/title>\n<meta name=\"robots\" content=\"index, follow, max-snippet:-1, max-image-preview:large, max-video-preview:-1\" \/>\n<link rel=\"canonical\" href=\"https:\/\/fourtec.at\/en\/imprint\/\" \/>\n<meta property=\"og:locale\" content=\"en_US\" \/>\n<meta property=\"og:type\" content=\"article\" \/>\n<meta property=\"og:title\" content=\"IMPRINT - Fourtec - F\u00f6rdertechnik GmbH\" \/>\n<meta property=\"og:description\" content=\"[vc_row][vc_column][vc_column_text css=&#8221;&#8221;] Responsible for the Content: CEO Ing. Christian Tazoll MSc. &nbsp; Fourtec F\u00f6rdertechnik GmbHEinsteinstra\u00dfe 6A-9065 Ebenthal i. K. Phone: +43(0)463 287878E-mail: office@fourtec.atInternet: www.fourtec.at VAT ID: ATU57093736Company Register Number: 236078zRegional Court Klagenfurt [\/vc_column_text][vc_separator align=&#8221;align_left&#8221; border_width=&#8221;2&#8243; el_width=&#8221;50&#8243; css=&#8221;.vc_custom_1620029583661{padding-top: 3% !important;padding-bottom: 3% !important;}&#8221;][vc_column_text]Web design &amp; technical implementation: bluepepper mediendesign | bluepepper.atPhotography: Patrick Connor Klopf | patrickconnorklopf.com[\/vc_column_text][\/vc_column][\/vc_row]\" \/>\n<meta property=\"og:url\" content=\"https:\/\/fourtec.at\/en\/imprint\/\" \/>\n<meta property=\"og:site_name\" content=\"Fourtec - F\u00f6rdertechnik GmbH\" \/>\n<meta property=\"article:modified_time\" content=\"2025-09-23T13:48:55+00:00\" \/>\n<meta name=\"twitter:card\" content=\"summary_large_image\" \/>\n<script type=\"application\/ld+json\" class=\"yoast-schema-graph\">{\"@context\":\"https:\/\/schema.org\",\"@graph\":[{\"@type\":\"WebPage\",\"@id\":\"https:\/\/fourtec.at\/en\/imprint\/\",\"url\":\"https:\/\/fourtec.at\/en\/imprint\/\",\"name\":\"IMPRINT - Fourtec - F\u00f6rdertechnik GmbH\",\"isPartOf\":{\"@id\":\"https:\/\/fourtec.at\/en\/#website\"},\"datePublished\":\"2021-04-14T10:40:16+00:00\",\"dateModified\":\"2025-09-23T13:48:55+00:00\",\"breadcrumb\":{\"@id\":\"https:\/\/fourtec.at\/en\/imprint\/#breadcrumb\"},\"inLanguage\":\"en-US\",\"potentialAction\":[{\"@type\":\"ReadAction\",\"target\":[\"https:\/\/fourtec.at\/en\/imprint\/\"]}]},{\"@type\":\"BreadcrumbList\",\"@id\":\"https:\/\/fourtec.at\/en\/imprint\/#breadcrumb\",\"itemListElement\":[{\"@type\":\"ListItem\",\"position\":1,\"name\":\"Home\",\"item\":\"https:\/\/fourtec.at\/en\/\"},{\"@type\":\"ListItem\",\"position\":2,\"name\":\"IMPRINT\"}]},{\"@type\":\"WebSite\",\"@id\":\"https:\/\/fourtec.at\/en\/#website\",\"url\":\"https:\/\/fourtec.at\/en\/\",\"name\":\"Fourtec - F\u00f6rdertechnik GmbH\",\"description\":\"F\u00f6rdertechnikanlagen - Sonderl\u00f6sungen\",\"potentialAction\":[{\"@type\":\"SearchAction\",\"target\":{\"@type\":\"EntryPoint\",\"urlTemplate\":\"https:\/\/fourtec.at\/en\/?s={search_term_string}\"},\"query-input\":{\"@type\":\"PropertyValueSpecification\",\"valueRequired\":true,\"valueName\":\"search_term_string\"}}],\"inLanguage\":\"en-US\"}]}<\/script>\n<!-- \/ Yoast SEO plugin. -->","yoast_head_json":{"title":"IMPRINT - Fourtec - F\u00f6rdertechnik GmbH","robots":{"index":"index","follow":"follow","max-snippet":"max-snippet:-1","max-image-preview":"max-image-preview:large","max-video-preview":"max-video-preview:-1"},"canonical":"https:\/\/fourtec.at\/en\/imprint\/","og_locale":"en_US","og_type":"article","og_title":"IMPRINT - Fourtec - F\u00f6rdertechnik GmbH","og_description":"[vc_row][vc_column][vc_column_text css=&#8221;&#8221;] Responsible for the Content: CEO Ing. Christian Tazoll MSc. &nbsp; Fourtec F\u00f6rdertechnik GmbHEinsteinstra\u00dfe 6A-9065 Ebenthal i. K. Phone: +43(0)463 287878E-mail: office@fourtec.atInternet: www.fourtec.at VAT ID: ATU57093736Company Register Number: 236078zRegional Court Klagenfurt [\/vc_column_text][vc_separator align=&#8221;align_left&#8221; border_width=&#8221;2&#8243; el_width=&#8221;50&#8243; css=&#8221;.vc_custom_1620029583661{padding-top: 3% !important;padding-bottom: 3% !important;}&#8221;][vc_column_text]Web design &amp; technical implementation: bluepepper mediendesign | bluepepper.atPhotography: Patrick Connor Klopf | patrickconnorklopf.com[\/vc_column_text][\/vc_column][\/vc_row]","og_url":"https:\/\/fourtec.at\/en\/imprint\/","og_site_name":"Fourtec - F\u00f6rdertechnik GmbH","article_modified_time":"2025-09-23T13:48:55+00:00","twitter_card":"summary_large_image","schema":{"@context":"https:\/\/schema.org","@graph":[{"@type":"WebPage","@id":"https:\/\/fourtec.at\/en\/imprint\/","url":"https:\/\/fourtec.at\/en\/imprint\/","name":"IMPRINT - Fourtec - F\u00f6rdertechnik GmbH","isPartOf":{"@id":"https:\/\/fourtec.at\/en\/#website"},"datePublished":"2021-04-14T10:40:16+00:00","dateModified":"2025-09-23T13:48:55+00:00","breadcrumb":{"@id":"https:\/\/fourtec.at\/en\/imprint\/#breadcrumb"},"inLanguage":"en-US","potentialAction":[{"@type":"ReadAction","target":["https:\/\/fourtec.at\/en\/imprint\/"]}]},{"@type":"BreadcrumbList","@id":"https:\/\/fourtec.at\/en\/imprint\/#breadcrumb","itemListElement":[{"@type":"ListItem","position":1,"name":"Home","item":"https:\/\/fourtec.at\/en\/"},{"@type":"ListItem","position":2,"name":"IMPRINT"}]},{"@type":"WebSite","@id":"https:\/\/fourtec.at\/en\/#website","url":"https:\/\/fourtec.at\/en\/","name":"Fourtec - F\u00f6rdertechnik GmbH","description":"F\u00f6rdertechnikanlagen - Sonderl\u00f6sungen","potentialAction":[{"@type":"SearchAction","target":{"@type":"EntryPoint","urlTemplate":"https:\/\/fourtec.at\/en\/?s={search_term_string}"},"query-input":{"@type":"PropertyValueSpecification","valueRequired":true,"valueName":"search_term_string"}}],"inLanguage":"en-US"}]}},"_links":{"self":[{"href":"https:\/\/fourtec.at\/en\/wp-json\/wp\/v2\/pages\/5648","targetHints":{"allow":["GET"]}}],"collection":[{"href":"https:\/\/fourtec.at\/en\/wp-json\/wp\/v2\/pages"}],"about":[{"href":"https:\/\/fourtec.at\/en\/wp-json\/wp\/v2\/types\/page"}],"author":[{"embeddable":true,"href":"https:\/\/fourtec.at\/en\/wp-json\/wp\/v2\/users\/2"}],"replies":[{"embeddable":true,"href":"https:\/\/fourtec.at\/en\/wp-json\/wp\/v2\/comments?post=5648"}],"version-history":[{"count":2,"href":"https:\/\/fourtec.at\/en\/wp-json\/wp\/v2\/pages\/5648\/revisions"}],"predecessor-version":[{"id":5650,"href":"https:\/\/fourtec.at\/en\/wp-json\/wp\/v2\/pages\/5648\/revisions\/5650"}],"wp:attachment":[{"href":"https:\/\/fourtec.at\/en\/wp-json\/wp\/v2\/media?parent=5648"}],"curies":[{"name":"wp","href":"https:\/\/api.w.org\/{rel}","templated":true}]}}