{"id":5652,"date":"2024-04-10T08:35:45","date_gmt":"2024-04-10T06:35:45","guid":{"rendered":"https:\/\/fourtec.at\/career\/"},"modified":"2026-02-28T14:25:19","modified_gmt":"2026-02-28T13:25:19","slug":"career","status":"publish","type":"page","link":"https:\/\/fourtec.at\/en\/career\/","title":{"rendered":"CAREER"},"content":{"rendered":"<div class=\"wpb-content-wrapper\"><p>[vc_row content_placement=&#8221;middle&#8221; css=&#8221;.vc_custom_1575390546273{padding-top: 55px !important;padding-bottom: 55px !important;}&#8221;][vc_column][vc_row_inner equal_height=&#8221;yes&#8221; content_placement=&#8221;top&#8221;][vc_column_inner width=&#8221;2\/3&#8243; css=&#8221;.vc_custom_1575390506246{margin-top: 30px !important;margin-bottom: 30px !important;}&#8221;]<div id=\"ultimate-heading-495669d99dc6aa033\" class=\"uvc-heading ult-adjust-bottom-margin ultimate-heading-495669d99dc6aa033 uvc-2968  uvc-heading-default-font-sizes\" data-hspacer=\"no_spacer\"  data-halign=\"left\" style=\"text-align:left\"><div class=\"uvc-heading-spacer no_spacer\" style=\"top\"><\/div><div class=\"uvc-main-heading ult-responsive\"  data-ultimate-target='.uvc-heading.ultimate-heading-495669d99dc6aa033 h3'  data-responsive-json-new='{\"font-size\":\"\",\"line-height\":\"\"}' ><h3 style=\"font-weight:bold;color:#002d52;margin-bottom:20px;\">Your career at Fourtec.<\/h3><\/div><\/div>[vc_column_text css=&#8221;.vc_custom_1712731405964{padding-bottom: 3% !important;}&#8221;]Fourtec F\u00f6rdertechnik GmbH is a leading company in conveyor technology, headquartered in Ebenthal, east of Klagenfurt. Since our founding in 2003, we have specialized in developing, manufacturing, and delivering high-quality conveyor solutions and components. Our commitment to innovation, quality, and customer satisfaction has made us a trusted partner for companies across various industries.[\/vc_column_text][vc_column_text css=&#8221;.vc_custom_1712731394521{margin-top: 3% !important;}&#8221;]<\/p>\n<h4>Work Culture and Corporate Values<\/h4>\n<p>At Fourtec, we foster a family-like working environment with flat hierarchies. We believe in openness, teamwork, and mutual support. Regular events, such as our summer party and employee recognition ceremonies, promote team spirit and strengthen collaboration. All doors in the company are always open to everyone, as openness and transparency are essential parts of our corporate culture.   <\/p>\n<h4>Development and Career Opportunities<\/h4>\n<p>At Fourtec, our employees have access to a wide range of career opportunities. Through internal training programs and initiatives, they can unlock their potential and grow professionally. Several employees from our manufacturing department have successfully advanced to our design department after completing further training and are now managing customer projects.  <\/p>\n<h4>Benefits and Additional Services<\/h4>\n<p>We offer our employees internal and external training opportunities to continuously develop their skills and knowledge. Flexible working hours in selected departments support a healthy work-life balance. Exceptional company achievements are recognized with a one-time bonus for all employees. We also provide free parking to ensure a convenient and stress-free commute.[\/vc_column_text][vc_empty_space][\/vc_column_inner][vc_column_inner width=&#8221;1\/3&#8243; css=&#8221;.vc_custom_1712731543583{margin-top: 30px !important;}&#8221;][vc_empty_space][vc_column_text css=&#8221;&#8221;]<\/p>\n<h3 style=\"margin-bottom: 20px\">Jobs<\/h3>\n<div class=\"career-jobs-list\"><a href=\"https:\/\/fourtec.at\/en\/apprentice-metal-technology-m-f-d-in-ebenthal-fourtec\/\">Metal Technology Apprentice (m\/f\/d)<br \/>\n<\/a><br \/>\n<a href=\"https:\/\/fourtec.at\/en\/assembly-technician-m-f-d-conveyor-technology-klagenfurt-area-fourtec\/\">Assembly Technician (m\/f\/d)<br \/>\n<\/a><br \/>\n<a href=\"https:\/\/fourtec.at\/en\/welder-m-f-d-in-ebenthal-near-klagenfurt-fourtec\/\">Welder (m\/f\/d)<br \/>\n<\/a><br \/>\n<a href=\"https:\/\/fourtec.at\/en\/machining-technician-m-f-d-in-ebenthal-near-klagenfurt-fourtec\/\">CNC Machinist (m\/f\/d)<br \/>\n<\/a><\/div>\n<h4><\/h4>\n<p>&nbsp;<\/p>\n<h4>Do You Have Questions about the Application Process or Open Positions?<\/h4>\n<p>Our HR team is happy to assist you and answer all your questions.<\/p>\n<p>You can reach us by phone at<br \/>\n<a href=\"tel:+43463287878\">+43 463 28 78 78<\/a><br \/>\nor by email to<br \/>\n<a href=\"mailto:christian.tazoll@fourtec.at\">christian.tazoll@fourtec.at<\/a>.<\/p>\n<p>We look forward to hearing from you and supporting you on your way to a career at Fourtec F\u00f6rdertechnik GmbH.[\/vc_column_text][vc_empty_space][vc_single_image image=&#8221;5651&#8243; img_size=&#8221;full&#8221;][\/vc_column_inner][\/vc_row_inner][\/vc_column][\/vc_row]<\/p>\n<\/div>","protected":false},"excerpt":{"rendered":"<p>[vc_row content_placement=&#8221;middle&#8221; css=&#8221;.vc_custom_1575390546273{padding-top: 55px !important;padding-bottom: 55px !important;}&#8221;][vc_column][vc_row_inner equal_height=&#8221;yes&#8221; content_placement=&#8221;top&#8221;][vc_column_inner width=&#8221;2\/3&#8243; css=&#8221;.vc_custom_1575390506246{margin-top: 30px !important;margin-bottom: 30px !important;}&#8221;][vc_column_text css=&#8221;.vc_custom_1712731405964{padding-bottom: 3% !important;}&#8221;]Fourtec F\u00f6rdertechnik GmbH is a leading company in conveyor technology, headquartered in Ebenthal, east of Klagenfurt. Since our founding in 2003, we have specialized in developing, manufacturing, and delivering high-quality conveyor solutions and components. Our commitment to innovation,&hellip;<\/p>\n","protected":false},"author":2,"featured_media":0,"parent":0,"menu_order":40,"comment_status":"closed","ping_status":"closed","template":"","meta":{"footnotes":""},"class_list":["post-5652","page","type-page","status-publish","hentry","description-off"],"yoast_head":"<!-- This site is optimized with the Yoast SEO plugin v27.0 - https:\/\/yoast.com\/product\/yoast-seo-wordpress\/ -->\n<title>CAREER - Fourtec - F\u00f6rdertechnik GmbH<\/title>\n<meta name=\"robots\" content=\"index, follow, max-snippet:-1, max-image-preview:large, max-video-preview:-1\" \/>\n<link rel=\"canonical\" href=\"https:\/\/fourtec.at\/en\/career\/\" \/>\n<meta property=\"og:locale\" content=\"en_US\" \/>\n<meta property=\"og:type\" content=\"article\" \/>\n<meta property=\"og:title\" content=\"CAREER - Fourtec - F\u00f6rdertechnik GmbH\" \/>\n<meta property=\"og:description\" content=\"[vc_row content_placement=&#8221;middle&#8221; css=&#8221;.vc_custom_1575390546273{padding-top: 55px !important;padding-bottom: 55px !important;}&#8221;][vc_column][vc_row_inner equal_height=&#8221;yes&#8221; content_placement=&#8221;top&#8221;][vc_column_inner width=&#8221;2\/3&#8243; css=&#8221;.vc_custom_1575390506246{margin-top: 30px !important;margin-bottom: 30px !important;}&#8221;][vc_column_text css=&#8221;.vc_custom_1712731405964{padding-bottom: 3% !important;}&#8221;]Fourtec F\u00f6rdertechnik GmbH is a leading company in conveyor technology, headquartered in Ebenthal, east of Klagenfurt. Since our founding in 2003, we have specialized in developing, manufacturing, and delivering high-quality conveyor solutions and components. Our commitment to innovation,&hellip;\" \/>\n<meta property=\"og:url\" content=\"https:\/\/fourtec.at\/en\/career\/\" \/>\n<meta property=\"og:site_name\" content=\"Fourtec - F\u00f6rdertechnik GmbH\" \/>\n<meta property=\"article:modified_time\" content=\"2026-02-28T13:25:19+00:00\" \/>\n<meta name=\"twitter:card\" content=\"summary_large_image\" \/>\n<meta name=\"twitter:label1\" content=\"Est. reading time\" \/>\n\t<meta name=\"twitter:data1\" content=\"2 minutes\" \/>\n<script type=\"application\/ld+json\" class=\"yoast-schema-graph\">{\"@context\":\"https:\/\/schema.org\",\"@graph\":[{\"@type\":\"WebPage\",\"@id\":\"https:\/\/fourtec.at\/en\/career\/\",\"url\":\"https:\/\/fourtec.at\/en\/career\/\",\"name\":\"CAREER - Fourtec - F\u00f6rdertechnik GmbH\",\"isPartOf\":{\"@id\":\"https:\/\/fourtec.at\/en\/#website\"},\"datePublished\":\"2024-04-10T06:35:45+00:00\",\"dateModified\":\"2026-02-28T13:25:19+00:00\",\"breadcrumb\":{\"@id\":\"https:\/\/fourtec.at\/en\/career\/#breadcrumb\"},\"inLanguage\":\"en-US\",\"potentialAction\":[{\"@type\":\"ReadAction\",\"target\":[\"https:\/\/fourtec.at\/en\/career\/\"]}]},{\"@type\":\"BreadcrumbList\",\"@id\":\"https:\/\/fourtec.at\/en\/career\/#breadcrumb\",\"itemListElement\":[{\"@type\":\"ListItem\",\"position\":1,\"name\":\"Home\",\"item\":\"https:\/\/fourtec.at\/en\/\"},{\"@type\":\"ListItem\",\"position\":2,\"name\":\"CAREER\"}]},{\"@type\":\"WebSite\",\"@id\":\"https:\/\/fourtec.at\/en\/#website\",\"url\":\"https:\/\/fourtec.at\/en\/\",\"name\":\"Fourtec - F\u00f6rdertechnik GmbH\",\"description\":\"F\u00f6rdertechnikanlagen - Sonderl\u00f6sungen\",\"potentialAction\":[{\"@type\":\"SearchAction\",\"target\":{\"@type\":\"EntryPoint\",\"urlTemplate\":\"https:\/\/fourtec.at\/en\/?s={search_term_string}\"},\"query-input\":{\"@type\":\"PropertyValueSpecification\",\"valueRequired\":true,\"valueName\":\"search_term_string\"}}],\"inLanguage\":\"en-US\"}]}<\/script>\n<!-- \/ Yoast SEO plugin. -->","yoast_head_json":{"title":"CAREER - Fourtec - F\u00f6rdertechnik GmbH","robots":{"index":"index","follow":"follow","max-snippet":"max-snippet:-1","max-image-preview":"max-image-preview:large","max-video-preview":"max-video-preview:-1"},"canonical":"https:\/\/fourtec.at\/en\/career\/","og_locale":"en_US","og_type":"article","og_title":"CAREER - Fourtec - F\u00f6rdertechnik GmbH","og_description":"[vc_row content_placement=&#8221;middle&#8221; css=&#8221;.vc_custom_1575390546273{padding-top: 55px !important;padding-bottom: 55px !important;}&#8221;][vc_column][vc_row_inner equal_height=&#8221;yes&#8221; content_placement=&#8221;top&#8221;][vc_column_inner width=&#8221;2\/3&#8243; css=&#8221;.vc_custom_1575390506246{margin-top: 30px !important;margin-bottom: 30px !important;}&#8221;][vc_column_text css=&#8221;.vc_custom_1712731405964{padding-bottom: 3% !important;}&#8221;]Fourtec F\u00f6rdertechnik GmbH is a leading company in conveyor technology, headquartered in Ebenthal, east of Klagenfurt. Since our founding in 2003, we have specialized in developing, manufacturing, and delivering high-quality conveyor solutions and components. Our commitment to innovation,&hellip;","og_url":"https:\/\/fourtec.at\/en\/career\/","og_site_name":"Fourtec - F\u00f6rdertechnik GmbH","article_modified_time":"2026-02-28T13:25:19+00:00","twitter_card":"summary_large_image","twitter_misc":{"Est. reading time":"2 minutes"},"schema":{"@context":"https:\/\/schema.org","@graph":[{"@type":"WebPage","@id":"https:\/\/fourtec.at\/en\/career\/","url":"https:\/\/fourtec.at\/en\/career\/","name":"CAREER - Fourtec - F\u00f6rdertechnik GmbH","isPartOf":{"@id":"https:\/\/fourtec.at\/en\/#website"},"datePublished":"2024-04-10T06:35:45+00:00","dateModified":"2026-02-28T13:25:19+00:00","breadcrumb":{"@id":"https:\/\/fourtec.at\/en\/career\/#breadcrumb"},"inLanguage":"en-US","potentialAction":[{"@type":"ReadAction","target":["https:\/\/fourtec.at\/en\/career\/"]}]},{"@type":"BreadcrumbList","@id":"https:\/\/fourtec.at\/en\/career\/#breadcrumb","itemListElement":[{"@type":"ListItem","position":1,"name":"Home","item":"https:\/\/fourtec.at\/en\/"},{"@type":"ListItem","position":2,"name":"CAREER"}]},{"@type":"WebSite","@id":"https:\/\/fourtec.at\/en\/#website","url":"https:\/\/fourtec.at\/en\/","name":"Fourtec - F\u00f6rdertechnik GmbH","description":"F\u00f6rdertechnikanlagen - Sonderl\u00f6sungen","potentialAction":[{"@type":"SearchAction","target":{"@type":"EntryPoint","urlTemplate":"https:\/\/fourtec.at\/en\/?s={search_term_string}"},"query-input":{"@type":"PropertyValueSpecification","valueRequired":true,"valueName":"search_term_string"}}],"inLanguage":"en-US"}]}},"_links":{"self":[{"href":"https:\/\/fourtec.at\/en\/wp-json\/wp\/v2\/pages\/5652","targetHints":{"allow":["GET"]}}],"collection":[{"href":"https:\/\/fourtec.at\/en\/wp-json\/wp\/v2\/pages"}],"about":[{"href":"https:\/\/fourtec.at\/en\/wp-json\/wp\/v2\/types\/page"}],"author":[{"embeddable":true,"href":"https:\/\/fourtec.at\/en\/wp-json\/wp\/v2\/users\/2"}],"replies":[{"embeddable":true,"href":"https:\/\/fourtec.at\/en\/wp-json\/wp\/v2\/comments?post=5652"}],"version-history":[{"count":20,"href":"https:\/\/fourtec.at\/en\/wp-json\/wp\/v2\/pages\/5652\/revisions"}],"predecessor-version":[{"id":6170,"href":"https:\/\/fourtec.at\/en\/wp-json\/wp\/v2\/pages\/5652\/revisions\/6170"}],"wp:attachment":[{"href":"https:\/\/fourtec.at\/en\/wp-json\/wp\/v2\/media?parent=5652"}],"curies":[{"name":"wp","href":"https:\/\/api.w.org\/{rel}","templated":true}]}}