{"id":5836,"date":"2021-03-10T11:10:18","date_gmt":"2021-03-10T10:10:18","guid":{"rendered":"https:\/\/fourtec.at\/universal-roller-rails-rollers-and-accessories\/"},"modified":"2025-10-01T15:00:46","modified_gmt":"2025-10-01T13:00:46","slug":"universal-roller-rails-rollers-and-accessories","status":"publish","type":"page","link":"https:\/\/fourtec.at\/en\/components\/universal-roller-rails-rollers-and-accessories\/","title":{"rendered":"Universal Roller Rails, Rollers, and Accessories"},"content":{"rendered":"<div class=\"wpb-content-wrapper\"><p>[vc_row type=&#8221;vc_default&#8221; parallax_content=&#8221;parallax_content_value&#8221; css=&#8221;.vc_custom_1614335004785{padding-top: 5% !important;padding-bottom: 5% !important;}&#8221;][vc_column width=&#8221;1\/4&#8243; css=&#8221;.vc_custom_1498211168626{padding-bottom: 50px !important;}&#8221;]<style type=\"text\/css\" data-type=\"the7_shortcodes-inline-css\">.shortcode-single-image-wrap.shortcode-single-image-e719bcbd001f804d7de85d435fc2f2a3.enable-bg-rollover .rollover i,\n.shortcode-single-image-wrap.shortcode-single-image-e719bcbd001f804d7de85d435fc2f2a3.enable-bg-rollover .rollover-video i {\n  background: rgba(30,115,190,0.5);\n  box-shadow: none;\n  background: -webkit-linear-gradient();\n  background: linear-gradient();\n}\n.shortcode-single-image-wrap.shortcode-single-image-e719bcbd001f804d7de85d435fc2f2a3 .rollover-icon {\n  font-size: 64px;\n  color: #ffffff;\n  min-width: 44px;\n  min-height: 44px;\n  line-height: 44px;\n  border-radius: 100px;\n  border-style: solid;\n  border-width: 0px;\n}\n.dt-icon-bg-on.shortcode-single-image-wrap.shortcode-single-image-e719bcbd001f804d7de85d435fc2f2a3 .rollover-icon {\n  background: rgba(30,115,190,0.3);\n  box-shadow: none;\n}<\/style><div class=\"shortcode-single-image-wrap shortcode-single-image-e719bcbd001f804d7de85d435fc2f2a3 alignnone  vc_custom_1615376162279 enable-bg-rollover dt-icon-bg-on quick-scale-img\" ><div class=\"shortcode-single-image\"><div class=\"fancy-media-wrap\" style=\"\"><a href=\"\/wp-content\/uploads\/2021\/03\/03_Foerdertechnik-Komponenten-_60.pdf\" class=\" layzr-bg rollover\" style=\"\" aria-label=\"Image\"><img fetchpriority=\"high\" decoding=\"async\" class=\"preload-me lazy-load aspect\" src=\"data:image\/svg+xml,%3Csvg%20xmlns%3D&#39;http%3A%2F%2Fwww.w3.org%2F2000%2Fsvg&#39;%20viewBox%3D&#39;0%200%20500%20701&#39;%2F%3E\" data-src=\"https:\/\/fourtec.at\/wp-content\/uploads\/2021\/03\/03_Foerdertechnik-Komponenten-4-500x701.jpg\" data-srcset=\"https:\/\/fourtec.at\/wp-content\/uploads\/2021\/03\/03_Foerdertechnik-Komponenten-4-500x701.jpg 500w, https:\/\/fourtec.at\/wp-content\/uploads\/2021\/03\/03_Foerdertechnik-Komponenten-4.jpg 815w\" loading=\"eager\" style=\"--ratio: 500 \/ 701\" sizes=\"(max-width: 500px) 100vw, 500px\" width=\"500\" height=\"701\"  data-dt-location=\"https:\/\/fourtec.at\/en\/komponenten\/universalrollenschienen-rollchen-und-zubehoer\/03_foerdertechnik-komponenten-4\/\" alt=\"Universalrollenschienen\" \/><span class=\"rollover-icon dt-icon-the7-download\"><\/span><\/a><\/div><\/div><\/div><style type=\"text\/css\" data-type=\"the7_shortcodes-inline-css\">#default-btn-a89a431bdb65adefcced7b69dab70733.ico-right-side > i {\n  margin-right: 0px;\n  margin-left: 8px;\n}\n#default-btn-a89a431bdb65adefcced7b69dab70733 > i {\n  margin-right: 8px;\n}<\/style><div class=\"btn-align-center\"><a href=\"\/wp-content\/uploads\/2021\/03\/03_Foerdertechnik-Komponenten-_60.pdf\" class=\"default-btn-shortcode dt-btn dt-btn-s link-hover-off full-width-btn \" id=\"default-btn-a89a431bdb65adefcced7b69dab70733\" title=\"Universalrollenschienen\"><span>Universal Roller Tracks<\/span><\/a><\/div>[\/vc_column][vc_column width=&#8221;1\/4&#8243; css=&#8221;.vc_custom_1498211177630{padding-bottom: 50px !important;}&#8221;]<style type=\"text\/css\" data-type=\"the7_shortcodes-inline-css\">.shortcode-single-image-wrap.shortcode-single-image-dbb1e36bf7cbccc97f75c2d242eeea86.enable-bg-rollover .rollover i,\n.shortcode-single-image-wrap.shortcode-single-image-dbb1e36bf7cbccc97f75c2d242eeea86.enable-bg-rollover .rollover-video i {\n  background: rgba(30,115,190,0.5);\n  box-shadow: none;\n  background: -webkit-linear-gradient();\n  background: linear-gradient();\n}\n.shortcode-single-image-wrap.shortcode-single-image-dbb1e36bf7cbccc97f75c2d242eeea86 .rollover-icon {\n  font-size: 64px;\n  color: #ffffff;\n  min-width: 44px;\n  min-height: 44px;\n  line-height: 44px;\n  border-radius: 100px;\n  border-style: solid;\n  border-width: 0px;\n}\n.dt-icon-bg-on.shortcode-single-image-wrap.shortcode-single-image-dbb1e36bf7cbccc97f75c2d242eeea86 .rollover-icon {\n  background: rgba(30,115,190,0.3);\n  box-shadow: none;\n}<\/style><div class=\"shortcode-single-image-wrap shortcode-single-image-dbb1e36bf7cbccc97f75c2d242eeea86 alignnone  vc_custom_1615376220351 enable-bg-rollover dt-icon-bg-on quick-scale-img\" ><div class=\"shortcode-single-image\"><div class=\"fancy-media-wrap\" style=\"\"><a href=\"\/wp-content\/uploads\/2021\/03\/03_Foerdertechnik-Komponenten-_61.pdf\" class=\" layzr-bg rollover\" style=\"\" aria-label=\"Image\"><img decoding=\"async\" class=\"preload-me lazy-load aspect\" src=\"data:image\/svg+xml,%3Csvg%20xmlns%3D&#39;http%3A%2F%2Fwww.w3.org%2F2000%2Fsvg&#39;%20viewBox%3D&#39;0%200%20500%20701&#39;%2F%3E\" data-src=\"https:\/\/fourtec.at\/wp-content\/uploads\/2021\/03\/03_Foerdertechnik-Komponenten-5-500x701.jpg\" data-srcset=\"https:\/\/fourtec.at\/wp-content\/uploads\/2021\/03\/03_Foerdertechnik-Komponenten-5-500x701.jpg 500w, https:\/\/fourtec.at\/wp-content\/uploads\/2021\/03\/03_Foerdertechnik-Komponenten-5.jpg 815w\" loading=\"eager\" style=\"--ratio: 500 \/ 701\" sizes=\"(max-width: 500px) 100vw, 500px\" width=\"500\" height=\"701\"  data-dt-location=\"https:\/\/fourtec.at\/en\/komponenten\/universalrollenschienen-rollchen-und-zubehoer\/03_foerdertechnik-komponenten-5\/\" alt=\"R\u00f6llchen und Zubeh\u00f6r\" \/><span class=\"rollover-icon dt-icon-the7-download\"><\/span><\/a><\/div><\/div><\/div><style type=\"text\/css\" data-type=\"the7_shortcodes-inline-css\">#default-btn-749c9856777a2a1b67689fb95a5f8c7b.ico-right-side > i {\n  margin-right: 0px;\n  margin-left: 8px;\n}\n#default-btn-749c9856777a2a1b67689fb95a5f8c7b > i {\n  margin-right: 8px;\n}<\/style><div class=\"btn-align-center\"><a href=\"\/wp-content\/uploads\/2021\/03\/03_Foerdertechnik-Komponenten-_61.pdf\" class=\"default-btn-shortcode dt-btn dt-btn-s link-hover-off full-width-btn \" id=\"default-btn-749c9856777a2a1b67689fb95a5f8c7b\" title=\"R\u00f6llchen und Zubeh\u00f6r\"><span>Rollers and Accessories<\/span><\/a><\/div>[\/vc_column][vc_column width=&#8221;1\/4&#8243; css=&#8221;.vc_custom_1498211173058{padding-bottom: 50px !important;}&#8221;][\/vc_column][vc_column width=&#8221;1\/4&#8243;][\/vc_column][\/vc_row][vc_row type=&#8221;vc_default&#8221; bg_type=&#8221;bg_color&#8221; bg_override=&#8221;ex-full&#8221; css=&#8221;.vc_custom_1498212491956{padding-top: 60px !important;padding-bottom: 70px !important;}&#8221; bg_color_value=&#8221;#f5f5f5&#8243;][vc_column]<div id=\"ultimate-heading-349969d99ea15b9fc\" class=\"uvc-heading ult-adjust-bottom-margin ultimate-heading-349969d99ea15b9fc uvc-8607 color-title accent-title-color\" data-hspacer=\"no_spacer\"  data-halign=\"center\" style=\"text-align:center\"><div class=\"uvc-heading-spacer no_spacer\" style=\"top\"><\/div><div class=\"uvc-main-heading ult-responsive\"  data-ultimate-target='.uvc-heading.ultimate-heading-349969d99ea15b9fc h2'  data-responsive-json-new='{\"font-size\":\"desktop:40px;tablet_portrait:20px;\",\"line-height\":\"desktop:46px;tablet_portrait:26px;\"}' ><h2 style=\"font-family:&#039;Open Sans Condensed&#039;;font-weight:700;margin-bottom:10px;\">Ready for a new special solution?<\/h2><\/div><\/div><style type=\"text\/css\" data-type=\"the7_shortcodes-inline-css\">#default-btn-681c0e29272a5d941595b04464a213de.ico-right-side > i {\n  margin-right: 0px;\n  margin-left: 8px;\n}\n#default-btn-681c0e29272a5d941595b04464a213de > i {\n  margin-right: 8px;\n}<\/style><div class=\"btn-align-center\"><a href=\"mailto:verkauf@fourtec.at\" class=\"default-btn-shortcode dt-btn dt-btn-l link-hover-off  vc_custom_1759323627198\" id=\"default-btn-681c0e29272a5d941595b04464a213de\" style=\"width:400px;\"><span>Request Now<\/span><\/a><\/div>[\/vc_column][\/vc_row]<\/p>\n<\/div>","protected":false},"excerpt":{"rendered":"<p>[vc_row type=&#8221;vc_default&#8221; parallax_content=&#8221;parallax_content_value&#8221; css=&#8221;.vc_custom_1614335004785{padding-top: 5% !important;padding-bottom: 5% !important;}&#8221;][vc_column width=&#8221;1\/4&#8243; css=&#8221;.vc_custom_1498211168626{padding-bottom: 50px !important;}&#8221;][\/vc_column][vc_column width=&#8221;1\/4&#8243; css=&#8221;.vc_custom_1498211177630{padding-bottom: 50px !important;}&#8221;][\/vc_column][vc_column width=&#8221;1\/4&#8243; css=&#8221;.vc_custom_1498211173058{padding-bottom: 50px !important;}&#8221;][\/vc_column][vc_column width=&#8221;1\/4&#8243;][\/vc_column][\/vc_row][vc_row type=&#8221;vc_default&#8221; bg_type=&#8221;bg_color&#8221; bg_override=&#8221;ex-full&#8221; css=&#8221;.vc_custom_1498212491956{padding-top: 60px !important;padding-bottom: 70px !important;}&#8221; bg_color_value=&#8221;#f5f5f5&#8243;][vc_column][\/vc_column][\/vc_row]<\/p>\n","protected":false},"author":2,"featured_media":0,"parent":5892,"menu_order":100,"comment_status":"closed","ping_status":"closed","template":"","meta":{"footnotes":""},"class_list":["post-5836","page","type-page","status-publish","hentry","description-off"],"yoast_head":"<!-- This site is optimized with the Yoast SEO plugin v27.0 - https:\/\/yoast.com\/product\/yoast-seo-wordpress\/ -->\n<title>Universal Roller Rails, Rollers, and Accessories - Fourtec - F\u00f6rdertechnik GmbH<\/title>\n<meta name=\"robots\" content=\"index, follow, max-snippet:-1, max-image-preview:large, max-video-preview:-1\" \/>\n<link rel=\"canonical\" href=\"https:\/\/fourtec.at\/en\/components\/universal-roller-rails-rollers-and-accessories\/\" \/>\n<meta property=\"og:locale\" content=\"en_US\" \/>\n<meta property=\"og:type\" content=\"article\" \/>\n<meta property=\"og:title\" content=\"Universal Roller Rails, Rollers, and Accessories - Fourtec - F\u00f6rdertechnik GmbH\" \/>\n<meta property=\"og:description\" content=\"[vc_row type=&#8221;vc_default&#8221; parallax_content=&#8221;parallax_content_value&#8221; css=&#8221;.vc_custom_1614335004785{padding-top: 5% !important;padding-bottom: 5% !important;}&#8221;][vc_column width=&#8221;1\/4&#8243; css=&#8221;.vc_custom_1498211168626{padding-bottom: 50px !important;}&#8221;][\/vc_column][vc_column width=&#8221;1\/4&#8243; css=&#8221;.vc_custom_1498211177630{padding-bottom: 50px !important;}&#8221;][\/vc_column][vc_column width=&#8221;1\/4&#8243; css=&#8221;.vc_custom_1498211173058{padding-bottom: 50px !important;}&#8221;][\/vc_column][vc_column width=&#8221;1\/4&#8243;][\/vc_column][\/vc_row][vc_row type=&#8221;vc_default&#8221; bg_type=&#8221;bg_color&#8221; bg_override=&#8221;ex-full&#8221; css=&#8221;.vc_custom_1498212491956{padding-top: 60px !important;padding-bottom: 70px !important;}&#8221; bg_color_value=&#8221;#f5f5f5&#8243;][vc_column][\/vc_column][\/vc_row]\" \/>\n<meta property=\"og:url\" content=\"https:\/\/fourtec.at\/en\/components\/universal-roller-rails-rollers-and-accessories\/\" \/>\n<meta property=\"og:site_name\" content=\"Fourtec - F\u00f6rdertechnik GmbH\" \/>\n<meta property=\"article:modified_time\" content=\"2025-10-01T13:00:46+00:00\" \/>\n<meta name=\"twitter:card\" content=\"summary_large_image\" \/>\n<meta name=\"twitter:label1\" content=\"Est. reading time\" \/>\n\t<meta name=\"twitter:data1\" content=\"1 minute\" \/>\n<script type=\"application\/ld+json\" class=\"yoast-schema-graph\">{\"@context\":\"https:\/\/schema.org\",\"@graph\":[{\"@type\":\"WebPage\",\"@id\":\"https:\/\/fourtec.at\/en\/components\/universal-roller-rails-rollers-and-accessories\/\",\"url\":\"https:\/\/fourtec.at\/en\/components\/universal-roller-rails-rollers-and-accessories\/\",\"name\":\"Universal Roller Rails, Rollers, and Accessories - Fourtec - F\u00f6rdertechnik GmbH\",\"isPartOf\":{\"@id\":\"https:\/\/fourtec.at\/en\/#website\"},\"datePublished\":\"2021-03-10T10:10:18+00:00\",\"dateModified\":\"2025-10-01T13:00:46+00:00\",\"breadcrumb\":{\"@id\":\"https:\/\/fourtec.at\/en\/components\/universal-roller-rails-rollers-and-accessories\/#breadcrumb\"},\"inLanguage\":\"en-US\",\"potentialAction\":[{\"@type\":\"ReadAction\",\"target\":[\"https:\/\/fourtec.at\/en\/components\/universal-roller-rails-rollers-and-accessories\/\"]}]},{\"@type\":\"BreadcrumbList\",\"@id\":\"https:\/\/fourtec.at\/en\/components\/universal-roller-rails-rollers-and-accessories\/#breadcrumb\",\"itemListElement\":[{\"@type\":\"ListItem\",\"position\":1,\"name\":\"Home\",\"item\":\"https:\/\/fourtec.at\/en\/\"},{\"@type\":\"ListItem\",\"position\":2,\"name\":\"COMPONENTS\",\"item\":\"https:\/\/fourtec.at\/en\/components\/\"},{\"@type\":\"ListItem\",\"position\":3,\"name\":\"Universal Roller Rails, Rollers, and Accessories\"}]},{\"@type\":\"WebSite\",\"@id\":\"https:\/\/fourtec.at\/en\/#website\",\"url\":\"https:\/\/fourtec.at\/en\/\",\"name\":\"Fourtec - F\u00f6rdertechnik GmbH\",\"description\":\"F\u00f6rdertechnikanlagen - Sonderl\u00f6sungen\",\"potentialAction\":[{\"@type\":\"SearchAction\",\"target\":{\"@type\":\"EntryPoint\",\"urlTemplate\":\"https:\/\/fourtec.at\/en\/?s={search_term_string}\"},\"query-input\":{\"@type\":\"PropertyValueSpecification\",\"valueRequired\":true,\"valueName\":\"search_term_string\"}}],\"inLanguage\":\"en-US\"}]}<\/script>\n<!-- \/ Yoast SEO plugin. -->","yoast_head_json":{"title":"Universal Roller Rails, Rollers, and Accessories - Fourtec - F\u00f6rdertechnik GmbH","robots":{"index":"index","follow":"follow","max-snippet":"max-snippet:-1","max-image-preview":"max-image-preview:large","max-video-preview":"max-video-preview:-1"},"canonical":"https:\/\/fourtec.at\/en\/components\/universal-roller-rails-rollers-and-accessories\/","og_locale":"en_US","og_type":"article","og_title":"Universal Roller Rails, Rollers, and Accessories - Fourtec - F\u00f6rdertechnik GmbH","og_description":"[vc_row type=&#8221;vc_default&#8221; parallax_content=&#8221;parallax_content_value&#8221; css=&#8221;.vc_custom_1614335004785{padding-top: 5% !important;padding-bottom: 5% !important;}&#8221;][vc_column width=&#8221;1\/4&#8243; css=&#8221;.vc_custom_1498211168626{padding-bottom: 50px !important;}&#8221;][\/vc_column][vc_column width=&#8221;1\/4&#8243; css=&#8221;.vc_custom_1498211177630{padding-bottom: 50px !important;}&#8221;][\/vc_column][vc_column width=&#8221;1\/4&#8243; css=&#8221;.vc_custom_1498211173058{padding-bottom: 50px !important;}&#8221;][\/vc_column][vc_column width=&#8221;1\/4&#8243;][\/vc_column][\/vc_row][vc_row type=&#8221;vc_default&#8221; bg_type=&#8221;bg_color&#8221; bg_override=&#8221;ex-full&#8221; css=&#8221;.vc_custom_1498212491956{padding-top: 60px !important;padding-bottom: 70px !important;}&#8221; bg_color_value=&#8221;#f5f5f5&#8243;][vc_column][\/vc_column][\/vc_row]","og_url":"https:\/\/fourtec.at\/en\/components\/universal-roller-rails-rollers-and-accessories\/","og_site_name":"Fourtec - F\u00f6rdertechnik GmbH","article_modified_time":"2025-10-01T13:00:46+00:00","twitter_card":"summary_large_image","twitter_misc":{"Est. reading time":"1 minute"},"schema":{"@context":"https:\/\/schema.org","@graph":[{"@type":"WebPage","@id":"https:\/\/fourtec.at\/en\/components\/universal-roller-rails-rollers-and-accessories\/","url":"https:\/\/fourtec.at\/en\/components\/universal-roller-rails-rollers-and-accessories\/","name":"Universal Roller Rails, Rollers, and Accessories - Fourtec - F\u00f6rdertechnik GmbH","isPartOf":{"@id":"https:\/\/fourtec.at\/en\/#website"},"datePublished":"2021-03-10T10:10:18+00:00","dateModified":"2025-10-01T13:00:46+00:00","breadcrumb":{"@id":"https:\/\/fourtec.at\/en\/components\/universal-roller-rails-rollers-and-accessories\/#breadcrumb"},"inLanguage":"en-US","potentialAction":[{"@type":"ReadAction","target":["https:\/\/fourtec.at\/en\/components\/universal-roller-rails-rollers-and-accessories\/"]}]},{"@type":"BreadcrumbList","@id":"https:\/\/fourtec.at\/en\/components\/universal-roller-rails-rollers-and-accessories\/#breadcrumb","itemListElement":[{"@type":"ListItem","position":1,"name":"Home","item":"https:\/\/fourtec.at\/en\/"},{"@type":"ListItem","position":2,"name":"COMPONENTS","item":"https:\/\/fourtec.at\/en\/components\/"},{"@type":"ListItem","position":3,"name":"Universal Roller Rails, Rollers, and Accessories"}]},{"@type":"WebSite","@id":"https:\/\/fourtec.at\/en\/#website","url":"https:\/\/fourtec.at\/en\/","name":"Fourtec - F\u00f6rdertechnik GmbH","description":"F\u00f6rdertechnikanlagen - Sonderl\u00f6sungen","potentialAction":[{"@type":"SearchAction","target":{"@type":"EntryPoint","urlTemplate":"https:\/\/fourtec.at\/en\/?s={search_term_string}"},"query-input":{"@type":"PropertyValueSpecification","valueRequired":true,"valueName":"search_term_string"}}],"inLanguage":"en-US"}]}},"_links":{"self":[{"href":"https:\/\/fourtec.at\/en\/wp-json\/wp\/v2\/pages\/5836","targetHints":{"allow":["GET"]}}],"collection":[{"href":"https:\/\/fourtec.at\/en\/wp-json\/wp\/v2\/pages"}],"about":[{"href":"https:\/\/fourtec.at\/en\/wp-json\/wp\/v2\/types\/page"}],"author":[{"embeddable":true,"href":"https:\/\/fourtec.at\/en\/wp-json\/wp\/v2\/users\/2"}],"replies":[{"embeddable":true,"href":"https:\/\/fourtec.at\/en\/wp-json\/wp\/v2\/comments?post=5836"}],"version-history":[{"count":6,"href":"https:\/\/fourtec.at\/en\/wp-json\/wp\/v2\/pages\/5836\/revisions"}],"predecessor-version":[{"id":6094,"href":"https:\/\/fourtec.at\/en\/wp-json\/wp\/v2\/pages\/5836\/revisions\/6094"}],"up":[{"embeddable":true,"href":"https:\/\/fourtec.at\/en\/wp-json\/wp\/v2\/pages\/5892"}],"wp:attachment":[{"href":"https:\/\/fourtec.at\/en\/wp-json\/wp\/v2\/media?parent=5836"}],"curies":[{"name":"wp","href":"https:\/\/api.w.org\/{rel}","templated":true}]}}