{"id":5878,"date":"2016-01-29T10:17:54","date_gmt":"2016-01-29T09:17:54","guid":{"rendered":"https:\/\/fourtec.at\/products\/gallery\/"},"modified":"2025-09-28T20:39:20","modified_gmt":"2025-09-28T18:39:20","slug":"gallery","status":"publish","type":"page","link":"https:\/\/fourtec.at\/en\/products\/gallery\/","title":{"rendered":"Gallery"},"content":{"rendered":"<div class=\"wpb-content-wrapper\"><p>[vc_row type=&#8221;vc_default&#8221; css=&#8221;.vc_custom_1490533921156{padding-top: 70px !important;padding-bottom: 70px !important;}&#8221;][vc_column]<style type=\"text\/css\" data-type=\"the7_shortcodes-inline-css\">.gallery-shortcode.gallery-photos-masonry-shortcode-id-958c8c3453cbb8527e1c0ef87bdca100 figure,\n.gallery-shortcode.gallery-photos-masonry-shortcode-id-958c8c3453cbb8527e1c0ef87bdca100 .rollover,\n.gallery-shortcode.gallery-photos-masonry-shortcode-id-958c8c3453cbb8527e1c0ef87bdca100 img,\n.gallery-shortcode.gallery-photos-masonry-shortcode-id-958c8c3453cbb8527e1c0ef87bdca100 .gallery-rollover {\n  border-radius: 0px;\n}\n.gallery-shortcode.gallery-photos-masonry-shortcode-id-958c8c3453cbb8527e1c0ef87bdca100.enable-bg-rollover .gallery-rollover {\n  background: -webkit-linear-gradient();\n  background: linear-gradient();\n}\n.gallery-shortcode.gallery-photos-masonry-shortcode-id-958c8c3453cbb8527e1c0ef87bdca100.enable-bg-rollover.hover-scale .rollover:after {\n  background: -webkit-linear-gradient();\n  background: linear-gradient();\n}\n.gallery-shortcode.gallery-photos-masonry-shortcode-id-958c8c3453cbb8527e1c0ef87bdca100 .gallery-zoom-ico {\n  width: 44px;\n  height: 44px;\n  line-height: 44px;\n  border-radius: 100px;\n  margin: -22px 0 0 -22px;\n  border-width: 0px;\n}\n.dt-icon-bg-on.gallery-shortcode.gallery-photos-masonry-shortcode-id-958c8c3453cbb8527e1c0ef87bdca100 .gallery-zoom-ico {\n  background: rgba(255,255,255,0.3);\n  -webkit-box-shadow: none;\n  box-shadow: none;\n}\n.gallery-shortcode.gallery-photos-masonry-shortcode-id-958c8c3453cbb8527e1c0ef87bdca100 .gallery-zoom-ico:before,\n.gallery-shortcode.gallery-photos-masonry-shortcode-id-958c8c3453cbb8527e1c0ef87bdca100 .gallery-zoom-ico span {\n  font-size: 32px;\n  line-height: 44px;\n  color: #ffffff;\n}\n.gallery-shortcode.gallery-photos-masonry-shortcode-id-958c8c3453cbb8527e1c0ef87bdca100:not(.resize-by-browser-width) .dt-css-grid {\n  grid-row-gap: 10px;\n  grid-column-gap: 10px;\n  grid-template-columns: repeat(auto-fill,minmax(,1fr));\n}\n.gallery-shortcode.gallery-photos-masonry-shortcode-id-958c8c3453cbb8527e1c0ef87bdca100:not(.resize-by-browser-width) .dt-css-grid .double-width {\n  grid-column: span 2;\n}\n.cssgridlegacy.no-cssgrid .gallery-shortcode.gallery-photos-masonry-shortcode-id-958c8c3453cbb8527e1c0ef87bdca100:not(.resize-by-browser-width) .dt-css-grid,\n.no-cssgridlegacy.no-cssgrid .gallery-shortcode.gallery-photos-masonry-shortcode-id-958c8c3453cbb8527e1c0ef87bdca100:not(.resize-by-browser-width) .dt-css-grid {\n  display: flex;\n  flex-flow: row wrap;\n  margin: -5px;\n}\n.cssgridlegacy.no-cssgrid .gallery-shortcode.gallery-photos-masonry-shortcode-id-958c8c3453cbb8527e1c0ef87bdca100:not(.resize-by-browser-width) .dt-css-grid .wf-cell,\n.no-cssgridlegacy.no-cssgrid .gallery-shortcode.gallery-photos-masonry-shortcode-id-958c8c3453cbb8527e1c0ef87bdca100:not(.resize-by-browser-width) .dt-css-grid .wf-cell {\n  flex: 1 0 ;\n  max-width: 100%;\n  padding: 5px;\n  box-sizing: border-box;\n}\n.gallery-shortcode.gallery-photos-masonry-shortcode-id-958c8c3453cbb8527e1c0ef87bdca100.resize-by-browser-width .dt-css-grid {\n  grid-template-columns: repeat(5,1fr);\n  grid-template-rows: auto;\n  grid-column-gap: 10px;\n  grid-row-gap: 10px;\n}\n.gallery-shortcode.gallery-photos-masonry-shortcode-id-958c8c3453cbb8527e1c0ef87bdca100.resize-by-browser-width .dt-css-grid .double-width {\n  grid-column: span 2;\n}\n.cssgridlegacy.no-cssgrid .gallery-shortcode.gallery-photos-masonry-shortcode-id-958c8c3453cbb8527e1c0ef87bdca100.resize-by-browser-width .dt-css-grid {\n  margin: -5px;\n}\n.cssgridlegacy.no-cssgrid .gallery-shortcode.gallery-photos-masonry-shortcode-id-958c8c3453cbb8527e1c0ef87bdca100.resize-by-browser-width .dt-css-grid .wf-cell {\n  width: 20%;\n  padding: 5px;\n}\n.cssgridlegacy.no-cssgrid .gallery-shortcode.gallery-photos-masonry-shortcode-id-958c8c3453cbb8527e1c0ef87bdca100.resize-by-browser-width .dt-css-grid .wf-cell.double-width {\n  width: calc(20%) * 2;\n}\n.gallery-shortcode.gallery-photos-masonry-shortcode-id-958c8c3453cbb8527e1c0ef87bdca100.resize-by-browser-width:not(.centered-layout-list):not(.content-bg-on) .dt-css-grid {\n  grid-row-gap: 10px - ;\n}\n@media screen and (max-width: 1199px) {\n  .gallery-shortcode.gallery-photos-masonry-shortcode-id-958c8c3453cbb8527e1c0ef87bdca100.resize-by-browser-width .dt-css-grid {\n    grid-template-columns: repeat(4,1fr);\n  }\n  .cssgridlegacy.no-cssgrid .gallery-shortcode.gallery-photos-masonry-shortcode-id-958c8c3453cbb8527e1c0ef87bdca100.resize-by-browser-width .dt-css-grid .wf-cell,\n  .no-cssgridlegacy.no-cssgrid .gallery-shortcode.gallery-photos-masonry-shortcode-id-958c8c3453cbb8527e1c0ef87bdca100.resize-by-browser-width .dt-css-grid .wf-cell {\n    width: 25%;\n  }\n  .cssgridlegacy.no-cssgrid .gallery-shortcode.gallery-photos-masonry-shortcode-id-958c8c3453cbb8527e1c0ef87bdca100.resize-by-browser-width .dt-css-grid .wf-cell.double-width,\n  .no-cssgridlegacy.no-cssgrid .gallery-shortcode.gallery-photos-masonry-shortcode-id-958c8c3453cbb8527e1c0ef87bdca100.resize-by-browser-width .dt-css-grid .wf-cell.double-width {\n    width: calc(25%)*2;\n  }\n}\n@media screen and (max-width: 991px) {\n  .gallery-shortcode.gallery-photos-masonry-shortcode-id-958c8c3453cbb8527e1c0ef87bdca100.resize-by-browser-width .dt-css-grid {\n    grid-template-columns: repeat(3,1fr);\n  }\n  .cssgridlegacy.no-cssgrid .gallery-shortcode.gallery-photos-masonry-shortcode-id-958c8c3453cbb8527e1c0ef87bdca100.resize-by-browser-width .dt-css-grid .wf-cell,\n  .no-cssgridlegacy.no-cssgrid .gallery-shortcode.gallery-photos-masonry-shortcode-id-958c8c3453cbb8527e1c0ef87bdca100.resize-by-browser-width .dt-css-grid .wf-cell {\n    width: 33.333333333333%;\n  }\n  .cssgridlegacy.no-cssgrid .gallery-shortcode.gallery-photos-masonry-shortcode-id-958c8c3453cbb8527e1c0ef87bdca100.resize-by-browser-width .dt-css-grid .wf-cell.double-width,\n  .no-cssgridlegacy.no-cssgrid .gallery-shortcode.gallery-photos-masonry-shortcode-id-958c8c3453cbb8527e1c0ef87bdca100.resize-by-browser-width .dt-css-grid .wf-cell.double-width {\n    width: calc(33.333333333333%)*2;\n  }\n}\n@media screen and (max-width: 767px) {\n  .gallery-shortcode.gallery-photos-masonry-shortcode-id-958c8c3453cbb8527e1c0ef87bdca100.resize-by-browser-width .dt-css-grid {\n    grid-template-columns: repeat(2,1fr);\n  }\n  .cssgridlegacy.no-cssgrid .gallery-shortcode.gallery-photos-masonry-shortcode-id-958c8c3453cbb8527e1c0ef87bdca100.resize-by-browser-width .dt-css-grid .wf-cell,\n  .no-cssgridlegacy.no-cssgrid .gallery-shortcode.gallery-photos-masonry-shortcode-id-958c8c3453cbb8527e1c0ef87bdca100.resize-by-browser-width .dt-css-grid .wf-cell {\n    width: 50%;\n  }\n  .cssgridlegacy.no-cssgrid .gallery-shortcode.gallery-photos-masonry-shortcode-id-958c8c3453cbb8527e1c0ef87bdca100.resize-by-browser-width .dt-css-grid .wf-cell.double-width,\n  .no-cssgridlegacy.no-cssgrid .gallery-shortcode.gallery-photos-masonry-shortcode-id-958c8c3453cbb8527e1c0ef87bdca100.resize-by-browser-width .dt-css-grid .wf-cell.double-width {\n    width: calc(50%)*2;\n  }\n}<\/style><div class=\"gallery-shortcode album-gallery-shortcode dt-gallery-container gallery-photos-masonry-shortcode-id-958c8c3453cbb8527e1c0ef87bdca100 mode-masonry jquery-filter dt-icon-bg-off quick-scale-img enable-bg-rollover resize-by-browser-width  hover-fade loading-effect-none description-on-hover\" data-padding=\"5px\" data-cur-page=\"1\" data-post-limit=\"15\" data-pagination-mode=\"load-more\" data-desktop-columns-num=\"5\" data-v-tablet-columns-num=\"3\" data-h-tablet-columns-num=\"4\" data-phone-columns-num=\"2\" data-width=\"0px\" data-columns=\"0\"><div class=\"iso-container\" ><\/div><!-- iso-container|iso-grid --><div class=\"paginator paginator-more-button\">\n\t\t\t\t<a class=\"button-load-more \" href=\"javascript:void(0);\" data-dt-page=\"1\" ><span class=\"stick\"><\/span><span class=\"stick\"><\/span><span class=\"stick\"><\/span><span class=\"button-caption\">Load more<\/span><\/a>\n\t\t\t<\/div><\/div>[\/vc_column][\/vc_row]<\/p>\n<\/div>","protected":false},"excerpt":{"rendered":"<p>[vc_row type=&#8221;vc_default&#8221; css=&#8221;.vc_custom_1490533921156{padding-top: 70px !important;padding-bottom: 70px !important;}&#8221;][vc_column][\/vc_column][\/vc_row]<\/p>\n","protected":false},"author":2,"featured_media":0,"parent":5709,"menu_order":200,"comment_status":"closed","ping_status":"closed","template":"","meta":{"footnotes":""},"class_list":["post-5878","page","type-page","status-publish","hentry","description-off"],"yoast_head":"<!-- This site is optimized with the Yoast SEO plugin v27.0 - https:\/\/yoast.com\/product\/yoast-seo-wordpress\/ -->\n<title>Gallery - Fourtec - F\u00f6rdertechnik GmbH<\/title>\n<meta name=\"robots\" content=\"index, follow, max-snippet:-1, max-image-preview:large, max-video-preview:-1\" \/>\n<link rel=\"canonical\" href=\"https:\/\/fourtec.at\/en\/products\/gallery\/\" \/>\n<meta property=\"og:locale\" content=\"en_US\" \/>\n<meta property=\"og:type\" content=\"article\" \/>\n<meta property=\"og:title\" content=\"Gallery - Fourtec - F\u00f6rdertechnik GmbH\" \/>\n<meta property=\"og:description\" content=\"[vc_row type=&#8221;vc_default&#8221; css=&#8221;.vc_custom_1490533921156{padding-top: 70px !important;padding-bottom: 70px !important;}&#8221;][vc_column][\/vc_column][\/vc_row]\" \/>\n<meta property=\"og:url\" content=\"https:\/\/fourtec.at\/en\/products\/gallery\/\" \/>\n<meta property=\"og:site_name\" content=\"Fourtec - F\u00f6rdertechnik GmbH\" \/>\n<meta property=\"article:modified_time\" content=\"2025-09-28T18:39:20+00:00\" \/>\n<meta name=\"twitter:card\" content=\"summary_large_image\" \/>\n<script type=\"application\/ld+json\" class=\"yoast-schema-graph\">{\"@context\":\"https:\/\/schema.org\",\"@graph\":[{\"@type\":\"WebPage\",\"@id\":\"https:\/\/fourtec.at\/en\/products\/gallery\/\",\"url\":\"https:\/\/fourtec.at\/en\/products\/gallery\/\",\"name\":\"Gallery - Fourtec - F\u00f6rdertechnik GmbH\",\"isPartOf\":{\"@id\":\"https:\/\/fourtec.at\/en\/#website\"},\"datePublished\":\"2016-01-29T09:17:54+00:00\",\"dateModified\":\"2025-09-28T18:39:20+00:00\",\"breadcrumb\":{\"@id\":\"https:\/\/fourtec.at\/en\/products\/gallery\/#breadcrumb\"},\"inLanguage\":\"en-US\",\"potentialAction\":[{\"@type\":\"ReadAction\",\"target\":[\"https:\/\/fourtec.at\/en\/products\/gallery\/\"]}]},{\"@type\":\"BreadcrumbList\",\"@id\":\"https:\/\/fourtec.at\/en\/products\/gallery\/#breadcrumb\",\"itemListElement\":[{\"@type\":\"ListItem\",\"position\":1,\"name\":\"Home\",\"item\":\"https:\/\/fourtec.at\/en\/\"},{\"@type\":\"ListItem\",\"position\":2,\"name\":\"PRODUCTS\",\"item\":\"https:\/\/fourtec.at\/en\/products\/\"},{\"@type\":\"ListItem\",\"position\":3,\"name\":\"Gallery\"}]},{\"@type\":\"WebSite\",\"@id\":\"https:\/\/fourtec.at\/en\/#website\",\"url\":\"https:\/\/fourtec.at\/en\/\",\"name\":\"Fourtec - F\u00f6rdertechnik GmbH\",\"description\":\"F\u00f6rdertechnikanlagen - Sonderl\u00f6sungen\",\"potentialAction\":[{\"@type\":\"SearchAction\",\"target\":{\"@type\":\"EntryPoint\",\"urlTemplate\":\"https:\/\/fourtec.at\/en\/?s={search_term_string}\"},\"query-input\":{\"@type\":\"PropertyValueSpecification\",\"valueRequired\":true,\"valueName\":\"search_term_string\"}}],\"inLanguage\":\"en-US\"}]}<\/script>\n<!-- \/ Yoast SEO plugin. -->","yoast_head_json":{"title":"Gallery - Fourtec - F\u00f6rdertechnik GmbH","robots":{"index":"index","follow":"follow","max-snippet":"max-snippet:-1","max-image-preview":"max-image-preview:large","max-video-preview":"max-video-preview:-1"},"canonical":"https:\/\/fourtec.at\/en\/products\/gallery\/","og_locale":"en_US","og_type":"article","og_title":"Gallery - Fourtec - F\u00f6rdertechnik GmbH","og_description":"[vc_row type=&#8221;vc_default&#8221; css=&#8221;.vc_custom_1490533921156{padding-top: 70px !important;padding-bottom: 70px !important;}&#8221;][vc_column][\/vc_column][\/vc_row]","og_url":"https:\/\/fourtec.at\/en\/products\/gallery\/","og_site_name":"Fourtec - F\u00f6rdertechnik GmbH","article_modified_time":"2025-09-28T18:39:20+00:00","twitter_card":"summary_large_image","schema":{"@context":"https:\/\/schema.org","@graph":[{"@type":"WebPage","@id":"https:\/\/fourtec.at\/en\/products\/gallery\/","url":"https:\/\/fourtec.at\/en\/products\/gallery\/","name":"Gallery - Fourtec - F\u00f6rdertechnik GmbH","isPartOf":{"@id":"https:\/\/fourtec.at\/en\/#website"},"datePublished":"2016-01-29T09:17:54+00:00","dateModified":"2025-09-28T18:39:20+00:00","breadcrumb":{"@id":"https:\/\/fourtec.at\/en\/products\/gallery\/#breadcrumb"},"inLanguage":"en-US","potentialAction":[{"@type":"ReadAction","target":["https:\/\/fourtec.at\/en\/products\/gallery\/"]}]},{"@type":"BreadcrumbList","@id":"https:\/\/fourtec.at\/en\/products\/gallery\/#breadcrumb","itemListElement":[{"@type":"ListItem","position":1,"name":"Home","item":"https:\/\/fourtec.at\/en\/"},{"@type":"ListItem","position":2,"name":"PRODUCTS","item":"https:\/\/fourtec.at\/en\/products\/"},{"@type":"ListItem","position":3,"name":"Gallery"}]},{"@type":"WebSite","@id":"https:\/\/fourtec.at\/en\/#website","url":"https:\/\/fourtec.at\/en\/","name":"Fourtec - F\u00f6rdertechnik GmbH","description":"F\u00f6rdertechnikanlagen - Sonderl\u00f6sungen","potentialAction":[{"@type":"SearchAction","target":{"@type":"EntryPoint","urlTemplate":"https:\/\/fourtec.at\/en\/?s={search_term_string}"},"query-input":{"@type":"PropertyValueSpecification","valueRequired":true,"valueName":"search_term_string"}}],"inLanguage":"en-US"}]}},"_links":{"self":[{"href":"https:\/\/fourtec.at\/en\/wp-json\/wp\/v2\/pages\/5878","targetHints":{"allow":["GET"]}}],"collection":[{"href":"https:\/\/fourtec.at\/en\/wp-json\/wp\/v2\/pages"}],"about":[{"href":"https:\/\/fourtec.at\/en\/wp-json\/wp\/v2\/types\/page"}],"author":[{"embeddable":true,"href":"https:\/\/fourtec.at\/en\/wp-json\/wp\/v2\/users\/2"}],"replies":[{"embeddable":true,"href":"https:\/\/fourtec.at\/en\/wp-json\/wp\/v2\/comments?post=5878"}],"version-history":[{"count":1,"href":"https:\/\/fourtec.at\/en\/wp-json\/wp\/v2\/pages\/5878\/revisions"}],"predecessor-version":[{"id":5879,"href":"https:\/\/fourtec.at\/en\/wp-json\/wp\/v2\/pages\/5878\/revisions\/5879"}],"up":[{"embeddable":true,"href":"https:\/\/fourtec.at\/en\/wp-json\/wp\/v2\/pages\/5709"}],"wp:attachment":[{"href":"https:\/\/fourtec.at\/en\/wp-json\/wp\/v2\/media?parent=5878"}],"curies":[{"name":"wp","href":"https:\/\/api.w.org\/{rel}","templated":true}]}}