{"id":5924,"date":"2016-01-29T10:24:10","date_gmt":"2016-01-29T09:24:10","guid":{"rendered":"https:\/\/fourtec.at\/products\/special-solutions-2\/"},"modified":"2025-09-28T20:39:30","modified_gmt":"2025-09-28T18:39:30","slug":"special-solutions-2","status":"publish","type":"page","link":"https:\/\/fourtec.at\/en\/products\/special-solutions-2\/","title":{"rendered":"Special Solutions"},"content":{"rendered":"<div class=\"wpb-content-wrapper\"><p>[vc_row type=&#8221;vc_default&#8221; equal_height=&#8221;yes&#8221; content_placement=&#8221;middle&#8221; margin_top=&#8221;10&#8243; margin_bottom=&#8221;25&#8243; css=&#8221;.vc_custom_1490526340467{padding-top: 70px !important;padding-bottom: 20px !important;}&#8221;][vc_column width=&#8221;2\/3&#8243; css=&#8221;.vc_custom_1498750429084{padding-bottom: 50px !important;}&#8221; offset=&#8221;vc_col-lg-offset-0 vc_col-lg-6 vc_col-md-offset-0 vc_col-md-6 vc_col-sm-offset-2 vc_col-xs-12&#8243;]<style type=\"text\/css\" data-type=\"the7_shortcodes-inline-css\">.shortcode-single-image-wrap.shortcode-single-image-9cec7c652f8ba9fc3fa8d66edb4280b2.enable-bg-rollover .rollover i,\n.shortcode-single-image-wrap.shortcode-single-image-9cec7c652f8ba9fc3fa8d66edb4280b2.enable-bg-rollover .rollover-video i {\n  background: -webkit-linear-gradient();\n  background: linear-gradient();\n}\n.shortcode-single-image-wrap.shortcode-single-image-9cec7c652f8ba9fc3fa8d66edb4280b2 .rollover-icon {\n  font-size: 32px;\n  color: #ffffff;\n  min-width: 44px;\n  min-height: 44px;\n  line-height: 44px;\n  border-radius: 100px;\n  border-style: solid;\n  border-width: 0px;\n}\n.dt-icon-bg-on.shortcode-single-image-wrap.shortcode-single-image-9cec7c652f8ba9fc3fa8d66edb4280b2 .rollover-icon {\n  background: rgba(255,255,255,0.3);\n  box-shadow: none;\n}<\/style><div class=\"shortcode-single-image-wrap shortcode-single-image-9cec7c652f8ba9fc3fa8d66edb4280b2 alignnone  enable-bg-rollover dt-icon-bg-off\" style=\"margin-top:0px; margin-bottom:0px; margin-left:0px; margin-right:0px; width:800px;\"><div class=\"shortcode-single-image\"><div class=\"fancy-media-wrap  layzr-bg\" style=\"\"><img fetchpriority=\"high\" decoding=\"async\" class=\"preload-me lazy-load aspect\" src=\"data:image\/svg+xml,%3Csvg%20xmlns%3D&#39;http%3A%2F%2Fwww.w3.org%2F2000%2Fsvg&#39;%20viewBox%3D&#39;0%200%20800%20800&#39;%2F%3E\" data-src=\"https:\/\/fourtec.at\/wp-content\/uploads\/2020\/10\/sonderloesungen-03-800x800.jpg\" data-srcset=\"https:\/\/fourtec.at\/wp-content\/uploads\/2020\/10\/sonderloesungen-03-800x800.jpg 800w, https:\/\/fourtec.at\/wp-content\/uploads\/2020\/10\/sonderloesungen-03-1200x1200.jpg 1200w\" loading=\"eager\" sizes=\"(max-width: 800px) 100vw, 800px\" width=\"800\" height=\"800\"  data-dt-location=\"https:\/\/fourtec.at\/en\/produkte\/sonderloesungen\/sonderloesungen-03\/\" style=\"--ratio: 800 \/ 800;\" alt=\"\" \/><\/div><\/div><\/div>[\/vc_column][vc_column width=&#8221;2\/3&#8243; css=&#8221;.vc_custom_1498750488327{padding-bottom: 50px !important;}&#8221; offset=&#8221;vc_col-lg-offset-0 vc_col-lg-6 vc_col-md-offset-0 vc_col-md-6 vc_col-sm-offset-2 vc_col-xs-12&#8243;]<div id=\"ultimate-heading-449569ded7cf5a9ea\" class=\"uvc-heading ult-adjust-bottom-margin ultimate-heading-449569ded7cf5a9ea uvc-8912 color-title accent-title-color\" data-hspacer=\"no_spacer\"  data-halign=\"left\" style=\"text-align:left\"><div class=\"uvc-heading-spacer no_spacer\" style=\"top\"><\/div><div class=\"uvc-main-heading ult-responsive\"  data-ultimate-target='.uvc-heading.ultimate-heading-449569ded7cf5a9ea h2'  data-responsive-json-new='{\"font-size\":\"desktop:20px;\",\"line-height\":\"desktop:26px;\"}' ><h2 style=\"--font-weight:theme;margin-bottom:5px;\">Headline<\/h2><\/div><div class=\"uvc-sub-heading ult-responsive\"  data-ultimate-target='.uvc-heading.ultimate-heading-449569ded7cf5a9ea .uvc-sub-heading '  data-responsive-json-new='{\"font-size\":\"desktop:34px;\",\"line-height\":\"desktop:40px;\"}'  style=\"font-family:&#039;Open Sans Condensed&#039;;font-weight:700;margin-bottom:20px;\">20% OFF FOR ALL ACCOUNTING SERVICES<\/div><\/div>[vc_column_text css=&#8221;.vc_custom_1498750238866{padding-bottom: 20px !important;}&#8221;]Cum sociis natoque penatibus et magnis dis parturient montes, nascetur ridiculus mus. Etiam dui libero, tempor quis congue in, interdum eget tortor. <\/p>\n<p>Phasellus rhoncus ante sollicitudin nisl consectetur ultricies. Sed rhoncus ullamcorper mauris, ac condimentum metus egestas ut. Nam et urna ante, vitae pretium lacus.[\/vc_column_text]<div class=\"standard-number-list bullet-top\"><ul>\n<li>Nam tempor diam elit<\/li>\n<li>Aenean tempor tincidunt odio a vehicula<\/li>\n<li>Curabitur vel lorem in velit<\/li>\n<li>Dolor tempor diam elit<\/li>\n<\/ul>\n<\/div><style type=\"text\/css\" data-type=\"the7_shortcodes-inline-css\">#default-btn-735394bf8dcb2a44d37bc9bfd82c504b.ico-right-side > i {\n  margin-right: 0px;\n  margin-left: 8px;\n}\n#default-btn-735394bf8dcb2a44d37bc9bfd82c504b > i {\n  margin-right: 8px;\n}<\/style><a href=\"#\" class=\"default-btn-shortcode dt-btn dt-btn-m link-hover-off btn-inline-left \" id=\"default-btn-735394bf8dcb2a44d37bc9bfd82c504b\"><i class=\"icomoon-the7-font-the7-arrow-07\"><\/i><span>Jetzt anfragen<\/span><\/a>[\/vc_column][\/vc_row][vc_row type=&#8221;vc_default&#8221; equal_height=&#8221;yes&#8221; content_placement=&#8221;middle&#8221; margin_top=&#8221;10&#8243; margin_bottom=&#8221;25&#8243; bg_type=&#8221;bg_color&#8221; bg_override=&#8221;ex-full&#8221; css=&#8221;.vc_custom_1498753023892{padding-top: 70px !important;padding-bottom: 20px !important;}&#8221; bg_color_value=&#8221;#f5f5f5&#8243;][vc_column width=&#8221;2\/3&#8243; css=&#8221;.vc_custom_1498750429084{padding-bottom: 50px !important;}&#8221; offset=&#8221;vc_col-lg-offset-0 vc_col-lg-6 vc_col-md-offset-0 vc_col-md-6 vc_col-sm-offset-2 vc_col-xs-12&#8243;]<style type=\"text\/css\" data-type=\"the7_shortcodes-inline-css\">.shortcode-single-image-wrap.shortcode-single-image-de1c7a6b1ab9818f3f33bffeab092eb5.enable-bg-rollover .rollover i,\n.shortcode-single-image-wrap.shortcode-single-image-de1c7a6b1ab9818f3f33bffeab092eb5.enable-bg-rollover .rollover-video i {\n  background: -webkit-linear-gradient();\n  background: linear-gradient();\n}\n.shortcode-single-image-wrap.shortcode-single-image-de1c7a6b1ab9818f3f33bffeab092eb5 .rollover-icon {\n  font-size: 32px;\n  color: #ffffff;\n  min-width: 44px;\n  min-height: 44px;\n  line-height: 44px;\n  border-radius: 100px;\n  border-style: solid;\n  border-width: 0px;\n}\n.dt-icon-bg-on.shortcode-single-image-wrap.shortcode-single-image-de1c7a6b1ab9818f3f33bffeab092eb5 .rollover-icon {\n  background: rgba(255,255,255,0.3);\n  box-shadow: none;\n}<\/style><div class=\"shortcode-single-image-wrap shortcode-single-image-de1c7a6b1ab9818f3f33bffeab092eb5 alignnone  enable-bg-rollover dt-icon-bg-off\" style=\"margin-top:0px; margin-bottom:0px; margin-left:0px; margin-right:0px; width:800px;\"><div class=\"shortcode-single-image\"><div class=\"fancy-media-wrap  layzr-bg\" style=\"\"><img decoding=\"async\" class=\"preload-me lazy-load aspect\" src=\"data:image\/svg+xml,%3Csvg%20xmlns%3D&#39;http%3A%2F%2Fwww.w3.org%2F2000%2Fsvg&#39;%20viewBox%3D&#39;0%200%20600%20600&#39;%2F%3E\" data-src=\"https:\/\/fourtec.at\/wp-content\/uploads\/2020\/10\/Komponente-01-600x600.jpg\" data-srcset=\"https:\/\/fourtec.at\/wp-content\/uploads\/2020\/10\/Komponente-01-600x600.jpg 600w\" loading=\"eager\" sizes=\"(max-width: 600px) 100vw, 600px\" width=\"600\" height=\"600\"  data-dt-location=\"https:\/\/fourtec.at\/en\/komponenten\/komponente-01\/\" style=\"--ratio: 600 \/ 600;\" alt=\"\" \/><\/div><\/div><\/div>[\/vc_column][vc_column width=&#8221;2\/3&#8243; css=&#8221;.vc_custom_1498750488327{padding-bottom: 50px !important;}&#8221; offset=&#8221;vc_col-lg-offset-0 vc_col-lg-6 vc_col-md-offset-0 vc_col-md-6 vc_col-sm-offset-2 vc_col-xs-12&#8243;]<div id=\"ultimate-heading-757569ded7cf5b903\" class=\"uvc-heading ult-adjust-bottom-margin ultimate-heading-757569ded7cf5b903 uvc-6507 color-title accent-title-color\" data-hspacer=\"no_spacer\"  data-halign=\"left\" style=\"text-align:left\"><div class=\"uvc-heading-spacer no_spacer\" style=\"top\"><\/div><div class=\"uvc-main-heading ult-responsive\"  data-ultimate-target='.uvc-heading.ultimate-heading-757569ded7cf5b903 h2'  data-responsive-json-new='{\"font-size\":\"desktop:20px;\",\"line-height\":\"desktop:26px;\"}' ><h2 style=\"--font-weight:theme;margin-bottom:5px;\">Headline<\/h2><\/div><div class=\"uvc-sub-heading ult-responsive\"  data-ultimate-target='.uvc-heading.ultimate-heading-757569ded7cf5b903 .uvc-sub-heading '  data-responsive-json-new='{\"font-size\":\"desktop:34px;\",\"line-height\":\"desktop:40px;\"}'  style=\"font-family:&#039;Open Sans Condensed&#039;;font-weight:700;margin-bottom:20px;\">50% OFF FOR INTERNATIONAL INVESTMENT SERVICES<\/div><\/div>[vc_column_text css=&#8221;.vc_custom_1498753164928{padding-bottom: 20px !important;}&#8221;]Tristique senectus et netus et malesuada fames ac turpis egestas ulla! Class aptent taciti sociosqu ad litora torquent per conubia nostra, per inceptos himenaeos. Suspendisse ut libero augue.  <\/p>\n<p>Maecenas feugiat, nulla eget maximus elementum, odio augue placerat est, nec semper nisl erat ac ex el convallis ligula commodo ac. Aenean congue. Nunc eu tellus pellentesque!  <\/p>\n<p>Tristique senectus et netus et malesuada fames ac turpis egestas ulla![\/vc_column_text]<div class=\"standard-number-list bullet-top\"><ul>\n<li>Nam tempor diam elit dolor from amet<\/li>\n<li>Aenean tempor tincidunt odio a vehicula<\/li>\n<li>Dolor tempor diam elit<\/li>\n<\/ul>\n<\/div><style type=\"text\/css\" data-type=\"the7_shortcodes-inline-css\">#default-btn-735394bf8dcb2a44d37bc9bfd82c504b.ico-right-side > i {\n  margin-right: 0px;\n  margin-left: 8px;\n}\n#default-btn-735394bf8dcb2a44d37bc9bfd82c504b > i {\n  margin-right: 8px;\n}<\/style><a href=\"#\" class=\"default-btn-shortcode dt-btn dt-btn-m link-hover-off btn-inline-left \" id=\"default-btn-735394bf8dcb2a44d37bc9bfd82c504b\"><i class=\"icomoon-the7-font-the7-arrow-07\"><\/i><span>Jetzt anfragen<\/span><\/a>[\/vc_column][\/vc_row][vc_row type=&#8221;vc_default&#8221; equal_height=&#8221;yes&#8221; content_placement=&#8221;middle&#8221; margin_top=&#8221;10&#8243; margin_bottom=&#8221;25&#8243; css=&#8221;.vc_custom_1490526340467{padding-top: 70px !important;padding-bottom: 20px !important;}&#8221;][vc_column width=&#8221;2\/3&#8243; css=&#8221;.vc_custom_1498750429084{padding-bottom: 50px !important;}&#8221; offset=&#8221;vc_col-lg-offset-0 vc_col-lg-6 vc_col-md-offset-0 vc_col-md-6 vc_col-sm-offset-2 vc_col-xs-12&#8243;]<style type=\"text\/css\" data-type=\"the7_shortcodes-inline-css\">.shortcode-single-image-wrap.shortcode-single-image-a927eac9f9f3dc5e4e038c304286a645.enable-bg-rollover .rollover i,\n.shortcode-single-image-wrap.shortcode-single-image-a927eac9f9f3dc5e4e038c304286a645.enable-bg-rollover .rollover-video i {\n  background: -webkit-linear-gradient();\n  background: linear-gradient();\n}\n.shortcode-single-image-wrap.shortcode-single-image-a927eac9f9f3dc5e4e038c304286a645 .rollover-icon {\n  font-size: 32px;\n  color: #ffffff;\n  min-width: 44px;\n  min-height: 44px;\n  line-height: 44px;\n  border-radius: 100px;\n  border-style: solid;\n  border-width: 0px;\n}\n.dt-icon-bg-on.shortcode-single-image-wrap.shortcode-single-image-a927eac9f9f3dc5e4e038c304286a645 .rollover-icon {\n  background: rgba(255,255,255,0.3);\n  box-shadow: none;\n}<\/style><div class=\"shortcode-single-image-wrap shortcode-single-image-a927eac9f9f3dc5e4e038c304286a645 alignnone  enable-bg-rollover dt-icon-bg-off\" style=\"margin-top:0px; margin-bottom:0px; margin-left:0px; margin-right:0px; width:800px;\"><div class=\"shortcode-single-image\"><div class=\"fancy-media-wrap  layzr-bg\" style=\"\"><img decoding=\"async\" class=\"preload-me lazy-load aspect\" src=\"data:image\/svg+xml,%3Csvg%20xmlns%3D&#39;http%3A%2F%2Fwww.w3.org%2F2000%2Fsvg&#39;%20viewBox%3D&#39;0%200%20800%20800&#39;%2F%3E\" data-src=\"https:\/\/fourtec.at\/wp-content\/uploads\/2020\/10\/fourtec-0064-scaled-800x800.jpg\" data-srcset=\"https:\/\/fourtec.at\/wp-content\/uploads\/2020\/10\/fourtec-0064-scaled-800x800.jpg 800w, https:\/\/fourtec.at\/wp-content\/uploads\/2020\/10\/fourtec-0064-scaled-1600x1600.jpg 1600w\" loading=\"eager\" sizes=\"(max-width: 800px) 100vw, 800px\" width=\"800\" height=\"800\"  data-dt-location=\"https:\/\/fourtec.at\/en\/fourtec-0064\/\" style=\"--ratio: 800 \/ 800;\" alt=\"\" \/><\/div><\/div><\/div>[\/vc_column][vc_column width=&#8221;2\/3&#8243; css=&#8221;.vc_custom_1498750488327{padding-bottom: 50px !important;}&#8221; offset=&#8221;vc_col-lg-offset-0 vc_col-lg-6 vc_col-md-offset-0 vc_col-md-6 vc_col-sm-offset-2 vc_col-xs-12&#8243;]<div id=\"ultimate-heading-772869ded7cf5c54f\" class=\"uvc-heading ult-adjust-bottom-margin ultimate-heading-772869ded7cf5c54f uvc-6576 color-title accent-title-color\" data-hspacer=\"no_spacer\"  data-halign=\"left\" style=\"text-align:left\"><div class=\"uvc-heading-spacer no_spacer\" style=\"top\"><\/div><div class=\"uvc-main-heading ult-responsive\"  data-ultimate-target='.uvc-heading.ultimate-heading-772869ded7cf5c54f h2'  data-responsive-json-new='{\"font-size\":\"desktop:20px;\",\"line-height\":\"desktop:26px;\"}' ><h2 style=\"--font-weight:theme;margin-bottom:5px;\">Headline<\/h2><\/div><div class=\"uvc-sub-heading ult-responsive\"  data-ultimate-target='.uvc-heading.ultimate-heading-772869ded7cf5c54f .uvc-sub-heading '  data-responsive-json-new='{\"font-size\":\"desktop:34px;\",\"line-height\":\"desktop:40px;\"}'  style=\"font-family:&#039;Open Sans Condensed&#039;;font-weight:700;margin-bottom:20px;\">50% OFF FOR FIRST 3 CONSULTATIONS<\/div><\/div>[vc_column_text css=&#8221;.vc_custom_1498753387331{padding-bottom: 25px !important;}&#8221;]Tristique senectus et netus et malesuada fames ac turpis egestas ulla! Class aptent taciti sociosqu ad litora torquent per conubia nostra, per inceptos himenaeos. Suspendisse ut libero augue.  <\/p>\n<p>Tristique senectus et netus &#8211; et malesuada fames ac turpis egestas ulla! Etiam dui libero, tempor quis congue in, interdum eget tortor. <\/p>\n<p>Phasellus rhoncus ante sollicitudin nisl consectetur ultricies. Sed rhoncus ullamcorper mauris, ac condimentum metus egestas ut. Nam et urna ante, vitae pretium lacus.[\/vc_column_text]<style type=\"text\/css\" data-type=\"the7_shortcodes-inline-css\">#default-btn-735394bf8dcb2a44d37bc9bfd82c504b.ico-right-side > i {\n  margin-right: 0px;\n  margin-left: 8px;\n}\n#default-btn-735394bf8dcb2a44d37bc9bfd82c504b > i {\n  margin-right: 8px;\n}<\/style><a href=\"#\" class=\"default-btn-shortcode dt-btn dt-btn-m link-hover-off btn-inline-left \" id=\"default-btn-735394bf8dcb2a44d37bc9bfd82c504b\"><i class=\"icomoon-the7-font-the7-arrow-07\"><\/i><span>Jetzt anfragen<\/span><\/a>[\/vc_column][\/vc_row]<\/p>\n<\/div>","protected":false},"excerpt":{"rendered":"<p>[vc_row type=&#8221;vc_default&#8221; equal_height=&#8221;yes&#8221; content_placement=&#8221;middle&#8221; margin_top=&#8221;10&#8243; margin_bottom=&#8221;25&#8243; css=&#8221;.vc_custom_1490526340467{padding-top: 70px !important;padding-bottom: 20px !important;}&#8221;][vc_column width=&#8221;2\/3&#8243; css=&#8221;.vc_custom_1498750429084{padding-bottom: 50px !important;}&#8221; offset=&#8221;vc_col-lg-offset-0 vc_col-lg-6 vc_col-md-offset-0 vc_col-md-6 vc_col-sm-offset-2 vc_col-xs-12&#8243;][\/vc_column][vc_column width=&#8221;2\/3&#8243; css=&#8221;.vc_custom_1498750488327{padding-bottom: 50px !important;}&#8221; offset=&#8221;vc_col-lg-offset-0 vc_col-lg-6 vc_col-md-offset-0 vc_col-md-6 vc_col-sm-offset-2 vc_col-xs-12&#8243;][vc_column_text css=&#8221;.vc_custom_1498750238866{padding-bottom: 20px !important;}&#8221;]Cum sociis natoque penatibus et magnis dis parturient montes, nascetur ridiculus mus. Etiam dui libero, tempor quis congue in, interdum eget tortor.&hellip;<\/p>\n","protected":false},"author":2,"featured_media":0,"parent":5709,"menu_order":500,"comment_status":"closed","ping_status":"closed","template":"","meta":{"footnotes":""},"class_list":["post-5924","page","type-page","status-publish","hentry","description-off"],"yoast_head":"<!-- This site is optimized with the Yoast SEO plugin v27.0 - https:\/\/yoast.com\/product\/yoast-seo-wordpress\/ -->\n<title>Special Solutions - Fourtec - F\u00f6rdertechnik GmbH<\/title>\n<meta name=\"robots\" content=\"index, follow, max-snippet:-1, max-image-preview:large, max-video-preview:-1\" \/>\n<link rel=\"canonical\" href=\"https:\/\/fourtec.at\/en\/products\/special-solutions-2\/\" \/>\n<meta property=\"og:locale\" content=\"en_US\" \/>\n<meta property=\"og:type\" content=\"article\" \/>\n<meta property=\"og:title\" content=\"Special Solutions - Fourtec - F\u00f6rdertechnik GmbH\" \/>\n<meta property=\"og:description\" content=\"[vc_row type=&#8221;vc_default&#8221; equal_height=&#8221;yes&#8221; content_placement=&#8221;middle&#8221; margin_top=&#8221;10&#8243; margin_bottom=&#8221;25&#8243; css=&#8221;.vc_custom_1490526340467{padding-top: 70px !important;padding-bottom: 20px !important;}&#8221;][vc_column width=&#8221;2\/3&#8243; css=&#8221;.vc_custom_1498750429084{padding-bottom: 50px !important;}&#8221; offset=&#8221;vc_col-lg-offset-0 vc_col-lg-6 vc_col-md-offset-0 vc_col-md-6 vc_col-sm-offset-2 vc_col-xs-12&#8243;][\/vc_column][vc_column width=&#8221;2\/3&#8243; css=&#8221;.vc_custom_1498750488327{padding-bottom: 50px !important;}&#8221; offset=&#8221;vc_col-lg-offset-0 vc_col-lg-6 vc_col-md-offset-0 vc_col-md-6 vc_col-sm-offset-2 vc_col-xs-12&#8243;][vc_column_text css=&#8221;.vc_custom_1498750238866{padding-bottom: 20px !important;}&#8221;]Cum sociis natoque penatibus et magnis dis parturient montes, nascetur ridiculus mus. Etiam dui libero, tempor quis congue in, interdum eget tortor.&hellip;\" \/>\n<meta property=\"og:url\" content=\"https:\/\/fourtec.at\/en\/products\/special-solutions-2\/\" \/>\n<meta property=\"og:site_name\" content=\"Fourtec - F\u00f6rdertechnik GmbH\" \/>\n<meta property=\"article:modified_time\" content=\"2025-09-28T18:39:30+00:00\" \/>\n<meta name=\"twitter:card\" content=\"summary_large_image\" \/>\n<meta name=\"twitter:label1\" content=\"Est. reading time\" \/>\n\t<meta name=\"twitter:data1\" content=\"4 minutes\" \/>\n<script type=\"application\/ld+json\" class=\"yoast-schema-graph\">{\"@context\":\"https:\/\/schema.org\",\"@graph\":[{\"@type\":\"WebPage\",\"@id\":\"https:\/\/fourtec.at\/en\/products\/special-solutions-2\/\",\"url\":\"https:\/\/fourtec.at\/en\/products\/special-solutions-2\/\",\"name\":\"Special Solutions - Fourtec - F\u00f6rdertechnik GmbH\",\"isPartOf\":{\"@id\":\"https:\/\/fourtec.at\/en\/#website\"},\"datePublished\":\"2016-01-29T09:24:10+00:00\",\"dateModified\":\"2025-09-28T18:39:30+00:00\",\"breadcrumb\":{\"@id\":\"https:\/\/fourtec.at\/en\/products\/special-solutions-2\/#breadcrumb\"},\"inLanguage\":\"en-US\",\"potentialAction\":[{\"@type\":\"ReadAction\",\"target\":[\"https:\/\/fourtec.at\/en\/products\/special-solutions-2\/\"]}]},{\"@type\":\"BreadcrumbList\",\"@id\":\"https:\/\/fourtec.at\/en\/products\/special-solutions-2\/#breadcrumb\",\"itemListElement\":[{\"@type\":\"ListItem\",\"position\":1,\"name\":\"Home\",\"item\":\"https:\/\/fourtec.at\/en\/\"},{\"@type\":\"ListItem\",\"position\":2,\"name\":\"PRODUCTS\",\"item\":\"https:\/\/fourtec.at\/en\/products\/\"},{\"@type\":\"ListItem\",\"position\":3,\"name\":\"Special Solutions\"}]},{\"@type\":\"WebSite\",\"@id\":\"https:\/\/fourtec.at\/en\/#website\",\"url\":\"https:\/\/fourtec.at\/en\/\",\"name\":\"Fourtec - F\u00f6rdertechnik GmbH\",\"description\":\"F\u00f6rdertechnikanlagen - Sonderl\u00f6sungen\",\"potentialAction\":[{\"@type\":\"SearchAction\",\"target\":{\"@type\":\"EntryPoint\",\"urlTemplate\":\"https:\/\/fourtec.at\/en\/?s={search_term_string}\"},\"query-input\":{\"@type\":\"PropertyValueSpecification\",\"valueRequired\":true,\"valueName\":\"search_term_string\"}}],\"inLanguage\":\"en-US\"}]}<\/script>\n<!-- \/ Yoast SEO plugin. -->","yoast_head_json":{"title":"Special Solutions - Fourtec - F\u00f6rdertechnik GmbH","robots":{"index":"index","follow":"follow","max-snippet":"max-snippet:-1","max-image-preview":"max-image-preview:large","max-video-preview":"max-video-preview:-1"},"canonical":"https:\/\/fourtec.at\/en\/products\/special-solutions-2\/","og_locale":"en_US","og_type":"article","og_title":"Special Solutions - Fourtec - F\u00f6rdertechnik GmbH","og_description":"[vc_row type=&#8221;vc_default&#8221; equal_height=&#8221;yes&#8221; content_placement=&#8221;middle&#8221; margin_top=&#8221;10&#8243; margin_bottom=&#8221;25&#8243; css=&#8221;.vc_custom_1490526340467{padding-top: 70px !important;padding-bottom: 20px !important;}&#8221;][vc_column width=&#8221;2\/3&#8243; css=&#8221;.vc_custom_1498750429084{padding-bottom: 50px !important;}&#8221; offset=&#8221;vc_col-lg-offset-0 vc_col-lg-6 vc_col-md-offset-0 vc_col-md-6 vc_col-sm-offset-2 vc_col-xs-12&#8243;][\/vc_column][vc_column width=&#8221;2\/3&#8243; css=&#8221;.vc_custom_1498750488327{padding-bottom: 50px !important;}&#8221; offset=&#8221;vc_col-lg-offset-0 vc_col-lg-6 vc_col-md-offset-0 vc_col-md-6 vc_col-sm-offset-2 vc_col-xs-12&#8243;][vc_column_text css=&#8221;.vc_custom_1498750238866{padding-bottom: 20px !important;}&#8221;]Cum sociis natoque penatibus et magnis dis parturient montes, nascetur ridiculus mus. Etiam dui libero, tempor quis congue in, interdum eget tortor.&hellip;","og_url":"https:\/\/fourtec.at\/en\/products\/special-solutions-2\/","og_site_name":"Fourtec - F\u00f6rdertechnik GmbH","article_modified_time":"2025-09-28T18:39:30+00:00","twitter_card":"summary_large_image","twitter_misc":{"Est. reading time":"4 minutes"},"schema":{"@context":"https:\/\/schema.org","@graph":[{"@type":"WebPage","@id":"https:\/\/fourtec.at\/en\/products\/special-solutions-2\/","url":"https:\/\/fourtec.at\/en\/products\/special-solutions-2\/","name":"Special Solutions - Fourtec - F\u00f6rdertechnik GmbH","isPartOf":{"@id":"https:\/\/fourtec.at\/en\/#website"},"datePublished":"2016-01-29T09:24:10+00:00","dateModified":"2025-09-28T18:39:30+00:00","breadcrumb":{"@id":"https:\/\/fourtec.at\/en\/products\/special-solutions-2\/#breadcrumb"},"inLanguage":"en-US","potentialAction":[{"@type":"ReadAction","target":["https:\/\/fourtec.at\/en\/products\/special-solutions-2\/"]}]},{"@type":"BreadcrumbList","@id":"https:\/\/fourtec.at\/en\/products\/special-solutions-2\/#breadcrumb","itemListElement":[{"@type":"ListItem","position":1,"name":"Home","item":"https:\/\/fourtec.at\/en\/"},{"@type":"ListItem","position":2,"name":"PRODUCTS","item":"https:\/\/fourtec.at\/en\/products\/"},{"@type":"ListItem","position":3,"name":"Special Solutions"}]},{"@type":"WebSite","@id":"https:\/\/fourtec.at\/en\/#website","url":"https:\/\/fourtec.at\/en\/","name":"Fourtec - F\u00f6rdertechnik GmbH","description":"F\u00f6rdertechnikanlagen - Sonderl\u00f6sungen","potentialAction":[{"@type":"SearchAction","target":{"@type":"EntryPoint","urlTemplate":"https:\/\/fourtec.at\/en\/?s={search_term_string}"},"query-input":{"@type":"PropertyValueSpecification","valueRequired":true,"valueName":"search_term_string"}}],"inLanguage":"en-US"}]}},"_links":{"self":[{"href":"https:\/\/fourtec.at\/en\/wp-json\/wp\/v2\/pages\/5924","targetHints":{"allow":["GET"]}}],"collection":[{"href":"https:\/\/fourtec.at\/en\/wp-json\/wp\/v2\/pages"}],"about":[{"href":"https:\/\/fourtec.at\/en\/wp-json\/wp\/v2\/types\/page"}],"author":[{"embeddable":true,"href":"https:\/\/fourtec.at\/en\/wp-json\/wp\/v2\/users\/2"}],"replies":[{"embeddable":true,"href":"https:\/\/fourtec.at\/en\/wp-json\/wp\/v2\/comments?post=5924"}],"version-history":[{"count":2,"href":"https:\/\/fourtec.at\/en\/wp-json\/wp\/v2\/pages\/5924\/revisions"}],"predecessor-version":[{"id":5926,"href":"https:\/\/fourtec.at\/en\/wp-json\/wp\/v2\/pages\/5924\/revisions\/5926"}],"up":[{"embeddable":true,"href":"https:\/\/fourtec.at\/en\/wp-json\/wp\/v2\/pages\/5709"}],"wp:attachment":[{"href":"https:\/\/fourtec.at\/en\/wp-json\/wp\/v2\/media?parent=5924"}],"curies":[{"name":"wp","href":"https:\/\/api.w.org\/{rel}","templated":true}]}}